{"id":961,"date":"2016-07-15T14:21:20","date_gmt":"2016-07-15T14:21:20","guid":{"rendered":"http:\/\/test.kriesi.at\/enfold-medical\/?page_id=961"},"modified":"2023-04-16T05:25:14","modified_gmt":"2023-04-16T02:25:14","slug":"departments","status":"publish","type":"page","link":"https:\/\/bandirmacocukdisdoktoru.com.tr\/tr\/?page_id=961","title":{"rendered":"\u00c7ocuk Di\u015f Sa\u011fl\u0131\u011f\u0131"},"content":{"rendered":"<div id='av-layout-grid-1'  class='av-layout-grid-container entry-content-wrapper main_color av-flex-cells     avia-builder-el-0  el_before_av_heading  avia-builder-el-first  container_wrap sidebar_right' style=' '  >\n<div class=\"flex_cell no_margin av_one_half  avia-builder-el-1  el_before_av_cell_one_half  avia-builder-el-first   avia-full-stretch \"  style='height:500px; min-height:500px;vertical-align:middle; padding:80px; background-color:#22689e; ' ><div class='flex_cell_inner' ><p><div  style='padding-bottom:25px; color:#ffffff;font-size:34px;' class='av-special-heading av-special-heading-h3 custom-color-heading blockquote modern-quote  avia-builder-el-2  el_before_av_textblock  avia-builder-el-first  av-inherit-size '><h3 class='av-special-heading-tag '  itemprop=\"headline\"  >\u0130lk Di\u015f Muayenesi<\/h3><div class='special-heading-border'><div class='special-heading-inner-border' style='border-color:#ffffff'><\/div><\/div><\/div><br \/>\n<section class=\"av_textblock_section \"  itemscope=\"itemscope\" itemtype=\"https:\/\/schema.org\/CreativeWork\" ><div class='avia_textblock  av_inherit_color '  style='color:#ffffff; '  itemprop=\"text\" ><div id=\":1cr\" class=\"Ar Au Ao\">\n<div id=\":1cn\" class=\"Am Al editable LW-avf tS-tW tS-tY\" tabindex=\"1\" role=\"textbox\" contenteditable=\"true\" spellcheck=\"false\" aria-label=\"\u0130leti G\u00f6vdesi\" aria-multiline=\"true\" aria-owns=\":1fg\" aria-controls=\":1fg\">\n<div dir=\"auto\">\n<div dir=\"ltr\">\n<p>\u00c7ocuklarda ilk di\u015f muayenesi genellikle di\u015f s\u00fcrmeye ba\u015flad\u0131ktan sonra yap\u0131lmal\u0131d\u0131r. Di\u015f s\u00fcrmesi genellikle alt\u0131nc\u0131 ay civar\u0131nda ba\u015flar ve bir ya\u015f\u0131na kadar di\u015flerin tamam\u0131 s\u00fcrer. \u0130lk di\u015f muayenesi, di\u015f hekimi taraf\u0131ndan \u00e7ocu\u011fun di\u015f ve di\u015f etlerinin sa\u011fl\u0131\u011f\u0131 ve geli\u015fimi hakk\u0131nda bilgi edinmek i\u00e7in yap\u0131l\u0131r. \u0130\u015fte \u00e7ocuklarda ilk di\u015f muayenesi hakk\u0131nda bilmeniz gerekenler:<\/p>\n<\/div>\n<\/div>\n<\/div>\n<\/div>\n<\/div><\/section><\/p>\n<\/div><\/div><div class=\"flex_cell no_margin av_one_half  avia-builder-el-4  el_after_av_cell_one_half  avia-builder-el-last   avia-full-stretch \"  style='height:500px; min-height:500px;background:url(https:\/\/bandirmacocukdisdoktoru.com.tr\/tr\/wp-content\/uploads\/2023\/04\/ilk-dis-muayenesi-2.jpg) center center no-repeat scroll #22689e; vertical-align:middle; padding:80px; background-color:#22689e; ' ><div class='flex_cell_inner' ><\/div><\/div>\n<\/div><div id='after_submenu_1'  class='main_color av_default_container_wrap container_wrap sidebar_right' style=' '  ><div class='container' ><div class='template-page content  av-content-small alpha units'><div class='post-entry post-entry-type-page post-entry-961'><div class='entry-content-wrapper clearfix'>\n<div  style='padding-bottom:30px; color:#000000;font-size:30px;' class='av-special-heading av-special-heading-h2 custom-color-heading blockquote modern-quote modern-centered  avia-builder-el-5  el_after_av_layout_row  el_before_av_one_half  avia-builder-el-first  av-inherit-size '><h2 class='av-special-heading-tag '  itemprop=\"headline\"  >Band\u0131rma \u00c7ocuk Di\u015f Hekimi Dr. Nilay Erdan<\/h2><div class='special-heading-border'><div class='special-heading-inner-border' style='border-color:#000000'><\/div><\/div><\/div>\n<div class=\"flex_column av_one_half  flex_column_div first  avia-builder-el-6  el_after_av_heading  el_before_av_one_half  \" ><div  class='avia-icon-list-container   avia-builder-el-7  avia-builder-el-no-sibling '><ul class='avia-icon-list avia-icon-list-left av-iconlist-big avia_animate_when_almost_visible avia-iconlist-animate'>\n<li><div  class='iconlist_icon  avia-font-entypo-fontello'><span class='iconlist-char ' aria-hidden='true' data-av_icon='\ue812' data-av_iconfont='entypo-fontello'><\/span><\/div><article class=\"article-icon-entry \"  itemscope=\"itemscope\" itemtype=\"https:\/\/schema.org\/CreativeWork\" ><div class='iconlist_content_wrap'><header class=\"entry-content-header\"><h4 class='av_iconlist_title iconlist_title   '  itemprop=\"headline\"  ><a href='https:\/\/bandirmacocukdisdoktoru.com.tr\/tr\/?page_id=2' title='\u0130lk Di\u015f Muayenesi'>\u0130lk Di\u015f Muayenesi<\/a><\/h4><\/header><div class='iconlist_content  '  itemprop=\"text\"  ><p>\u00c7ocu\u011funuzun ilk do\u011fum g\u00fcn\u00fc d\u00f6nemlerinde ilk di\u015f hekimi ziyareti ger\u00e7ekle\u015ftirmesi sa\u011fl\u0131kl\u0131 bir karard\u0131r.<\/p>\n<\/div><\/div><footer class=\"entry-footer\"><\/footer><\/article><div class='iconlist-timeline'><\/div><\/li>\n<li><div  class='iconlist_icon  avia-font-entypo-fontello'><span class='iconlist-char ' aria-hidden='true' data-av_icon='\ue812' data-av_iconfont='entypo-fontello'><\/span><\/div><article class=\"article-icon-entry \"  itemscope=\"itemscope\" itemtype=\"https:\/\/schema.org\/CreativeWork\" ><div class='iconlist_content_wrap'><header class=\"entry-content-header\"><h4 class='av_iconlist_title iconlist_title   '  itemprop=\"headline\"  ><a href='https:\/\/bandirmacocukdisdoktoru.com.tr\/tr\/?page_id=3342' title='\u00c7ocuklarda Ortodonti Tedavisi'>\u00c7ocuklarda Ortodonti Tedavisi<\/a><\/h4><\/header><div class='iconlist_content  '  itemprop=\"text\"  ><p>\u00c7ocuklar\u0131n di\u015f yap\u0131s\u0131n\u0131n takibinin sa\u011flanmas\u0131 \u00f6nemli ayr\u0131nt\u0131lardand\u0131r.<\/p>\n<\/div><\/div><footer class=\"entry-footer\"><\/footer><\/article><div class='iconlist-timeline'><\/div><\/li>\n<li><div  class='iconlist_icon  avia-font-entypo-fontello'><span class='iconlist-char ' aria-hidden='true' data-av_icon='\ue812' data-av_iconfont='entypo-fontello'><\/span><\/div><article class=\"article-icon-entry \"  itemscope=\"itemscope\" itemtype=\"https:\/\/schema.org\/CreativeWork\" ><div class='iconlist_content_wrap'><header class=\"entry-content-header\"><h4 class='av_iconlist_title iconlist_title   '  itemprop=\"headline\"  ><a href='https:\/\/bandirmacocukdisdoktoru.com.tr\/tr\/?page_id=3343' title='Flor Uygulamas\u0131'>Flor Uygulamas\u0131<\/a><\/h4><\/header><div class='iconlist_content  '  itemprop=\"text\"  ><p>Do\u011fal bir mineral olan Florid, sudan veya yedi\u011fimiz pek \u00e7ok g\u0131dadan ald\u0131\u011f\u0131m\u0131z maddedir.<\/p>\n<\/div><\/div><footer class=\"entry-footer\"><\/footer><\/article><div class='iconlist-timeline'><\/div><\/li>\n<li><div  class='iconlist_icon  avia-font-entypo-fontello'><span class='iconlist-char ' aria-hidden='true' data-av_icon='\ue812' data-av_iconfont='entypo-fontello'><\/span><\/div><article class=\"article-icon-entry \"  itemscope=\"itemscope\" itemtype=\"https:\/\/schema.org\/CreativeWork\" ><div class='iconlist_content_wrap'><header class=\"entry-content-header\"><h4 class='av_iconlist_title iconlist_title   '  itemprop=\"headline\"  ><a href='https:\/\/bandirmacocukdisdoktoru.com.tr\/tr\/?page_id=3344' title='Amputasyon'>Amputasyon<\/a><\/h4><\/header><div class='iconlist_content  '  itemprop=\"text\"  ><p>Amputasyon, g\u00fcn\u00fcm\u00fczde s\u00fct di\u015flerinde yayg\u0131n olarak kullan\u0131lan bir tedavi \u015feklidir.<\/p>\n<\/div><\/div><footer class=\"entry-footer\"><\/footer><\/article><div class='iconlist-timeline'><\/div><\/li>\n<li><div  class='iconlist_icon  avia-font-entypo-fontello'><span class='iconlist-char ' aria-hidden='true' data-av_icon='\ue812' data-av_iconfont='entypo-fontello'><\/span><\/div><article class=\"article-icon-entry \"  itemscope=\"itemscope\" itemtype=\"https:\/\/schema.org\/CreativeWork\" ><div class='iconlist_content_wrap'><header class=\"entry-content-header\"><h4 class='av_iconlist_title iconlist_title   '  itemprop=\"headline\"  ><a href='https:\/\/bandirmacocukdisdoktoru.com.tr\/tr\/?page_id=3345' title='Kompomer Dolgu'>Kompomer Dolgu<\/a><\/h4><\/header><div class='iconlist_content  '  itemprop=\"text\"  ><p>\u00c7ocuklar\u0131n di\u015flerine yap\u0131lan dolgulara kompomer dolgu ad\u0131 verilmektedir.<\/p>\n<\/div><\/div><footer class=\"entry-footer\"><\/footer><\/article><div class='iconlist-timeline'><\/div><\/li>\n<li><div  class='iconlist_icon  avia-font-entypo-fontello'><span class='iconlist-char ' aria-hidden='true' data-av_icon='\ue812' data-av_iconfont='entypo-fontello'><\/span><\/div><article class=\"article-icon-entry \"  itemscope=\"itemscope\" itemtype=\"https:\/\/schema.org\/CreativeWork\" ><div class='iconlist_content_wrap'><header class=\"entry-content-header\"><h4 class='av_iconlist_title iconlist_title   '  itemprop=\"headline\"  ><a href='https:\/\/bandirmacocukdisdoktoru.com.tr\/tr\/?page_id=3346' title='Travma'>Travma<\/a><\/h4><\/header><div class='iconlist_content  '  itemprop=\"text\"  ><p>\u00c7ocuklarda ya\u015fanan di\u015f travmalar\u0131, di\u015flerde meydana gelen en b\u00fcy\u00fck zararlardand\u0131r.<\/p>\n<\/div><\/div><footer class=\"entry-footer\"><\/footer><\/article><div class='iconlist-timeline'><\/div><\/li>\n<\/ul><\/div><\/div><div class=\"flex_column av_one_half  flex_column_div av-zero-column-padding   avia-builder-el-8  el_after_av_one_half  el_before_av_section  avia-builder-el-last  \" style='border-radius:0px; '><div  class='avia-icon-list-container   avia-builder-el-9  avia-builder-el-no-sibling '><ul class='avia-icon-list avia-icon-list-right av-iconlist-big avia_animate_when_almost_visible avia-iconlist-animate'>\n<li><div  class='iconlist_icon  avia-font-entypo-fontello'><span class='iconlist-char ' aria-hidden='true' data-av_icon='\ue812' data-av_iconfont='entypo-fontello'><\/span><\/div><article class=\"article-icon-entry \"  itemscope=\"itemscope\" itemtype=\"https:\/\/schema.org\/CreativeWork\" ><div class='iconlist_content_wrap'><header class=\"entry-content-header\"><h4 class='av_iconlist_title iconlist_title   '  itemprop=\"headline\"  ><a href='https:\/\/bandirmacocukdisdoktoru.com.tr\/tr\/?page_id=3347' title='S\u00fct Di\u015fi Dolgu Tedavisi'>S\u00fct Di\u015fi Dolgu Tedavisi<\/a><\/h4><\/header><div class='iconlist_content  '  itemprop=\"text\"  ><p>Tedavi edilmeyen s\u00fct di\u015fi \u00e7\u00fcr\u00fckleri bir\u00e7ok s\u0131k\u0131nt\u0131y\u0131 beraberinde getirir.<\/p>\n<\/div><\/div><footer class=\"entry-footer\"><\/footer><\/article><div class='iconlist-timeline'><\/div><\/li>\n<li><div  class='iconlist_icon  avia-font-entypo-fontello'><span class='iconlist-char ' aria-hidden='true' data-av_icon='\ue812' data-av_iconfont='entypo-fontello'><\/span><\/div><article class=\"article-icon-entry \"  itemscope=\"itemscope\" itemtype=\"https:\/\/schema.org\/CreativeWork\" ><div class='iconlist_content_wrap'><header class=\"entry-content-header\"><h4 class='av_iconlist_title iconlist_title   '  itemprop=\"headline\"  ><a href='https:\/\/bandirmacocukdisdoktoru.com.tr\/tr\/?page_id=3348' title='S\u00fct Di\u015fi \u00c7ekimi '>S\u00fct Di\u015fi \u00c7ekimi <\/a><\/h4><\/header><div class='iconlist_content  '  itemprop=\"text\"  ><p>\u00c7\u00fcr\u00fck, bazen di\u015fin i\u00e7 k\u0131sm\u0131ndaki canl\u0131 b\u00f6l\u00fcme kadar ilerleyerek di\u015fin k\u00f6klerinden \u00e7ene kemi\u011fine ula\u015fan<\/p>\n<\/div><\/div><footer class=\"entry-footer\"><\/footer><\/article><div class='iconlist-timeline'><\/div><\/li>\n<li><div  class='iconlist_icon  avia-font-entypo-fontello'><span class='iconlist-char ' aria-hidden='true' data-av_icon='\ue812' data-av_iconfont='entypo-fontello'><\/span><\/div><article class=\"article-icon-entry \"  itemscope=\"itemscope\" itemtype=\"https:\/\/schema.org\/CreativeWork\" ><div class='iconlist_content_wrap'><header class=\"entry-content-header\"><h4 class='av_iconlist_title iconlist_title   '  itemprop=\"headline\"  ><a href='https:\/\/bandirmacocukdisdoktoru.com.tr\/tr\/?page_id=3349' title='Fiss\u00fcr Uygulamas\u0131 '>Fiss\u00fcr Uygulamas\u0131 <\/a><\/h4><\/header><div class='iconlist_content  '  itemprop=\"text\"  ><p>Di\u015flerin girintili \u00e7\u0131k\u0131nt\u0131l\u0131 k\u0131s\u0131mlar\u0131 \u00e7i\u011fneyici y\u00fczeyleridir. Bu \u00e7ukurcuk ve tepecikler pit ve fiss\u00fcrler olarak bilinir.<\/p>\n<\/div><\/div><footer class=\"entry-footer\"><\/footer><\/article><div class='iconlist-timeline'><\/div><\/li>\n<li><div  class='iconlist_icon  avia-font-entypo-fontello'><span class='iconlist-char ' aria-hidden='true' data-av_icon='\ue812' data-av_iconfont='entypo-fontello'><\/span><\/div><article class=\"article-icon-entry \"  itemscope=\"itemscope\" itemtype=\"https:\/\/schema.org\/CreativeWork\" ><div class='iconlist_content_wrap'><header class=\"entry-content-header\"><h4 class='av_iconlist_title iconlist_title   '  itemprop=\"headline\"  ><a href='https:\/\/bandirmacocukdisdoktoru.com.tr\/tr\/?page_id=3350' title='Yer Tutucu '>Yer Tutucu <\/a><\/h4><\/header><div class='iconlist_content  '  itemprop=\"text\"  ><p>Di\u015f hekimli\u011finin esas amac\u0131nda; \u00e7enelerin, di\u015flerin ve etraf\u0131ndaki \u00e7evre dokular\u0131n yerlerini sa\u011fl\u0131kl\u0131 \u015fekilde<\/p>\n<\/div><\/div><footer class=\"entry-footer\"><\/footer><\/article><div class='iconlist-timeline'><\/div><\/li>\n<li><div  class='iconlist_icon  avia-font-entypo-fontello'><span class='iconlist-char ' aria-hidden='true' data-av_icon='\ue812' data-av_iconfont='entypo-fontello'><\/span><\/div><article class=\"article-icon-entry \"  itemscope=\"itemscope\" itemtype=\"https:\/\/schema.org\/CreativeWork\" ><div class='iconlist_content_wrap'><header class=\"entry-content-header\"><h4 class='av_iconlist_title iconlist_title   '  itemprop=\"headline\"  ><a href='https:\/\/bandirmacocukdisdoktoru.com.tr\/tr\/?page_id=3351' title='Cam \u0130yonomer Dolgu '>Cam \u0130yonomer Dolgu <\/a><\/h4><\/header><div class='iconlist_content  '  itemprop=\"text\"  ><p>\u00c7ocuklar\u0131n s\u00fct di\u015flerinde daimi dolgu maddesi olarak, yeti\u015fkinlerde ise uzun s\u00fcreli ge\u00e7ici dolgu olarak<\/p>\n<\/div><\/div><footer class=\"entry-footer\"><\/footer><\/article><div class='iconlist-timeline'><\/div><\/li>\n<li><div  class='iconlist_icon  avia-font-entypo-fontello'><span class='iconlist-char ' aria-hidden='true' data-av_icon='\ue812' data-av_iconfont='entypo-fontello'><\/span><\/div><article class=\"article-icon-entry \"  itemscope=\"itemscope\" itemtype=\"https:\/\/schema.org\/CreativeWork\" ><div class='iconlist_content_wrap'><header class=\"entry-content-header\"><h4 class='av_iconlist_title iconlist_title   '  itemprop=\"headline\"  ><a href='https:\/\/bandirmacocukdisdoktoru.com.tr\/tr\/?page_id=3352' title='\u00c7ocuk Ortodonti Tedavisi'>\u00c7ocuk Ortodonti Tedavisi<\/a><\/h4><\/header><div class='iconlist_content  '  itemprop=\"text\"  ><p>\u00c7ocuklarda ortodonti, g\u00fcn\u00fcm\u00fczde her aileyi \u00f6nemli \u00f6l\u00e7\u00fcde ilgilendiren bir aland\u0131r.<\/p>\n<\/div><\/div><footer class=\"entry-footer\"><\/footer><\/article><div class='iconlist-timeline'><\/div><\/li>\n<\/ul><\/div><\/div><\/div><\/div><\/div><!-- close content main div --><\/div><\/div><div id='av_section_1'  class='avia-section main_color avia-section-huge avia-no-border-styling  avia-bg-style-scroll  avia-builder-el-10  el_after_av_one_half  avia-builder-el-last   container_wrap sidebar_right' style=' '  ><div class='container' ><div class='template-page content  av-content-small alpha units'><div class='post-entry post-entry-type-page post-entry-961'><div class='entry-content-wrapper clearfix'>\n<div class='flex_column_table av-equal-height-column-flextable -flextable' style='margin-top:-200px; margin-bottom:0px; '><div class=\"flex_column av_one_third  no_margin flex_column_table_cell av-equal-height-column av-align-top first  avia-builder-el-11  el_before_av_one_third  avia-builder-el-first  \" style='padding:40px; border-radius:0px; '><\/div><div class=\"flex_column av_one_third  no_margin flex_column_table_cell av-equal-height-column av-align-top   avia-builder-el-12  el_after_av_one_third  el_before_av_one_third  \" style='background: #379cd6; padding:40px; background-color:#379cd6; border-radius:0px; '><p><span  class=\"av_font_icon avia_animate_when_visible avia-icon-animate  av-icon-style-  avia-icon-pos-center \" style=\"color:#ffffff; border-color:#ffffff;\"><span class='av-icon-char' style='font-size:60px;line-height:60px;' aria-hidden='true' data-av_icon='' data-av_iconfont='medical' ><\/span><\/span><br \/>\n<div  style='height:20px' class='hr hr-invisible   avia-builder-el-14  el_after_av_font_icon  el_before_av_textblock '><span class='hr-inner ' ><span class='hr-inner-style'><\/span><\/span><\/div><br \/>\n<section class=\"av_textblock_section \"  itemscope=\"itemscope\" itemtype=\"https:\/\/schema.org\/CreativeWork\" ><div class='avia_textblock  av_inherit_color '  style='color:#ffffff; '  itemprop=\"text\" ><h4 style=\"text-align: center;\">\u00c7ocuklarda<\/h4>\n<p style=\"text-align: center;\">\u0130lk Di\u015f Muayenesi<\/p>\n<\/div><\/section><br \/>\n<div  style='height:8px' class='hr hr-invisible   avia-builder-el-16  el_after_av_textblock  el_before_av_button '><span class='hr-inner ' ><span class='hr-inner-style'><\/span><\/span><\/div><br \/>\n<div  class='avia-button-wrap avia-button-center  avia-builder-el-17  el_after_av_hr  avia-builder-el-last ' ><a href='https:\/\/bandirmacocukdisdoktoru.com.tr\/tr\/?page_id=954'  class='avia-button  avia-color-light   avia-icon_select-no avia-size-medium avia-position-center '   ><span class='avia_iconbox_title' >Randevu Al<\/span><\/a><\/div><\/p><\/div><div class=\"flex_column av_one_third  no_margin flex_column_table_cell av-equal-height-column av-align-top   avia-builder-el-18  el_after_av_one_third  avia-builder-el-last  \" style='padding:40px; border-radius:0px; '><\/div><\/div><!--close column table wrapper. Autoclose: 1 -->\n<\/div><\/div><\/div><!-- close content main div --><\/div><\/div><div id='after_section_1'  class='main_color av_default_container_wrap container_wrap sidebar_right' style=' '  ><div class='container' ><div class='template-page content  av-content-small alpha units'><div class='post-entry post-entry-type-page post-entry-961'><div class='entry-content-wrapper clearfix'><\/p>\n","protected":false},"excerpt":{"rendered":"","protected":false},"author":1,"featured_media":0,"parent":0,"menu_order":0,"comment_status":"closed","ping_status":"closed","template":"","meta":{"footnotes":""},"class_list":["post-961","page","type-page","status-publish","hentry"],"_links":{"self":[{"href":"https:\/\/bandirmacocukdisdoktoru.com.tr\/tr\/index.php?rest_route=\/wp\/v2\/pages\/961","targetHints":{"allow":["GET"]}}],"collection":[{"href":"https:\/\/bandirmacocukdisdoktoru.com.tr\/tr\/index.php?rest_route=\/wp\/v2\/pages"}],"about":[{"href":"https:\/\/bandirmacocukdisdoktoru.com.tr\/tr\/index.php?rest_route=\/wp\/v2\/types\/page"}],"author":[{"embeddable":true,"href":"https:\/\/bandirmacocukdisdoktoru.com.tr\/tr\/index.php?rest_route=\/wp\/v2\/users\/1"}],"replies":[{"embeddable":true,"href":"https:\/\/bandirmacocukdisdoktoru.com.tr\/tr\/index.php?rest_route=%2Fwp%2Fv2%2Fcomments&post=961"}],"version-history":[{"count":20,"href":"https:\/\/bandirmacocukdisdoktoru.com.tr\/tr\/index.php?rest_route=\/wp\/v2\/pages\/961\/revisions"}],"predecessor-version":[{"id":3390,"href":"https:\/\/bandirmacocukdisdoktoru.com.tr\/tr\/index.php?rest_route=\/wp\/v2\/pages\/961\/revisions\/3390"}],"wp:attachment":[{"href":"https:\/\/bandirmacocukdisdoktoru.com.tr\/tr\/index.php?rest_route=%2Fwp%2Fv2%2Fmedia&parent=961"}],"curies":[{"name":"wp","href":"https:\/\/api.w.org\/{rel}","templated":true}]}}