{"id":950,"date":"2016-07-15T14:19:20","date_gmt":"2016-07-15T14:19:20","guid":{"rendered":"http:\/\/test.kriesi.at\/enfold-medical\/?page_id=950"},"modified":"2023-03-05T02:22:11","modified_gmt":"2023-03-04T23:22:11","slug":"about","status":"publish","type":"page","link":"https:\/\/bandirmacocukdisdoktoru.com.tr\/tr\/?page_id=950","title":{"rendered":"Hakk\u0131nda"},"content":{"rendered":"<div id='av-layout-grid-1'  class='av-layout-grid-container entry-content-wrapper main_color av-flex-cells     avia-builder-el-0  el_before_av_layout_row  avia-builder-el-first  container_wrap sidebar_right' style=' '  >\n<div class=\"flex_cell no_margin av_one_half  avia-builder-el-1  el_before_av_cell_one_half  avia-builder-el-first   avia-full-stretch \"  style='height:500px; min-height:500px;vertical-align:middle; padding:80px; background-color:#22689e; ' ><div class='flex_cell_inner' ><p><div  style='padding-bottom:25px; color:#ffffff;font-size:34px;' class='av-special-heading av-special-heading-h3 custom-color-heading blockquote modern-quote  avia-builder-el-2  el_before_av_textblock  avia-builder-el-first  av-inherit-size '><div class ='av-subheading av-subheading_above av_custom_color ' style='font-size:15px;'><p>Kimdir ?<\/p>\n<\/div><h3 class='av-special-heading-tag '  itemprop=\"headline\"  >Dr. Nilay Erdan<\/h3><div class='special-heading-border'><div class='special-heading-inner-border' style='border-color:#ffffff'><\/div><\/div><\/div><br \/>\n<section class=\"av_textblock_section \"  itemscope=\"itemscope\" itemtype=\"https:\/\/schema.org\/CreativeWork\" ><div class='avia_textblock  av_inherit_color '  style='color:#ffffff; '  itemprop=\"text\" ><p>1986 Almanya Freiburg do\u011fumlu Nilay Erdan ilk, orta ve lise e\u011fitimini Almanya&#8217;da tamamlam\u0131\u015ft\u0131r. \u0130yi derecede \u0130ngilizce ve Almanca (ana dili seviyesinde) konu\u015fmaktad\u0131r. Mesle\u011fi konusunda son derece disiplinli ve \u00e7al\u0131\u015fkand\u0131r. \u00dcniversite e\u011fitimini T\u00fcrkiye&#8217;nin \u00f6nemli \u00fcniversitelerinden Marmara \u00dcniversitesinde Di\u015f Hekimli\u011fi Fak\u00fcltesinde tamamlam\u0131\u015ft\u0131r. 2012 y\u0131l\u0131nda mezun olduktan sonra Marmara \u00dcniversitesinde Pedotonti Ana Bilim Dal\u0131nda e\u011fitim alm\u0131\u015ft\u0131r.<\/p>\n<p>2015 y\u0131l\u0131ndan bu yana Band\u0131rma \u00d6zel Ortonorm A\u011f\u0131z ve Di\u015f Sa\u011fl\u0131\u011f\u0131 Poliklini\u011finde Pedodonti uzman\u0131 (\u00c7ocuk Di\u015f Hekimi) olarak \u00e7al\u0131\u015fmaktad\u0131r.<\/p>\n<\/div><\/section><\/p>\n<\/div><\/div><div class=\"flex_cell no_margin av_one_half  avia-builder-el-4  el_after_av_cell_one_half  avia-builder-el-last   avia-full-stretch \"  style='height:500px; min-height:500px;background:url(https:\/\/bandirmacocukdisdoktoru.com.tr\/tr\/wp-content\/uploads\/2023\/03\/drnilayerdanheader-495x400.jpg) center center no-repeat scroll #22689e; vertical-align:middle; padding:80px; background-color:#22689e; ' ><div class='flex_cell_inner' ><\/div><\/div>\n<\/div>\n<div id='av-layout-grid-2'  class='av-layout-grid-container entry-content-wrapper main_color av-flex-cells     avia-builder-el-5  el_after_av_layout_row  avia-builder-el-last  submenu-not-first container_wrap sidebar_right' style=' '  >\n<div class=\"flex_cell no_margin av_one_fourth  avia-builder-el-6  el_before_av_cell_one_fourth  avia-builder-el-first   avia-full-stretch \"  style='vertical-align:middle; padding:80px 50px 80px 50px ; background-color:#2388c2; ' ><div class='flex_cell_inner' ><div  class=\"avia-animated-number av-force-default-color  avia-color-font-custom  avia-builder-el-7  avia-builder-el-no-sibling  avia_animate_when_visible\" style='color:#ffffff;' data-timer=\"3000\"><strong class=\"heading avia-animated-number-title\" style='font-size:34px;'><span class=\"avia-no-number\">Pedodonti<\/span><\/strong><div class='avia-animated-number-content' style='font-size:20px;'><p>Konusunda uzman ve deneyimli<\/p>\n<\/div><\/div>\n<\/div><\/div><div class=\"flex_cell no_margin av_one_fourth  avia-builder-el-8  el_after_av_cell_one_fourth  el_before_av_cell_one_fourth   avia-full-stretch \"  style='vertical-align:middle; padding:80px 50px 80px 50px ; background-color:#379cd6; ' ><div class='flex_cell_inner' ><div  class=\"avia-animated-number av-force-default-color  avia-color-font-custom  avia-builder-el-9  avia-builder-el-no-sibling  avia_animate_when_visible\" style='color:#ffffff;' data-timer=\"3000\"><strong class=\"heading avia-animated-number-title\" style='font-size:34px;'><span class=\"avia-no-number\">Tedavi<\/span><\/strong><div class='avia-animated-number-content' style='font-size:20px;'><p>S\u00fcreci takibi yapan<\/p>\n<\/div><\/div>\n<\/div><\/div><div class=\"flex_cell no_margin av_one_fourth  avia-builder-el-10  el_after_av_cell_one_fourth  el_before_av_cell_one_fourth   avia-full-stretch \"  style='vertical-align:middle; padding:80px 50px 80px 50px ; background-color:#5fb4e4; ' ><div class='flex_cell_inner' ><div  class=\"avia-animated-number av-force-default-color  avia-color-font-custom  avia-builder-el-11  avia-builder-el-no-sibling  avia_animate_when_visible\" style='color:#ffffff;' data-timer=\"3000\"><strong class=\"heading avia-animated-number-title\" style='font-size:34px;'><span class=\"avia-no-number\">En iyi<\/span><\/strong><div class='avia-animated-number-content' style='font-size:20px;'><p>Tedavi ve muayene ortam\u0131 sa\u011flayan<\/p>\n<\/div><\/div>\n<\/div><\/div><div class=\"flex_cell no_margin av_one_fourth  avia-builder-el-12  el_after_av_cell_one_fourth  avia-builder-el-last   avia-full-stretch \"  style='vertical-align:middle; padding:80px 50px 80px 50px ; background-color:#80c7ef; ' ><div class='flex_cell_inner' ><div  class=\"avia-animated-number av-force-default-color  avia-color-font-custom  avia-builder-el-13  avia-builder-el-no-sibling  avia_animate_when_visible\" style='color:#ffffff;' data-timer=\"3000\"><strong class=\"heading avia-animated-number-title\" style='font-size:34px;'><span class=\"avia-no-number\">Dr Nilay Erdan<\/span><\/strong><div class='avia-animated-number-content' style='font-size:20px;'><p>\u00c7ocuk Di\u015f Hekimi<\/p>\n<\/div><\/div>\n<\/div><\/div>\n<\/div>\n","protected":false},"excerpt":{"rendered":"","protected":false},"author":1,"featured_media":0,"parent":957,"menu_order":0,"comment_status":"closed","ping_status":"closed","template":"","meta":{"footnotes":""},"class_list":["post-950","page","type-page","status-publish","hentry"],"_links":{"self":[{"href":"https:\/\/bandirmacocukdisdoktoru.com.tr\/tr\/index.php?rest_route=\/wp\/v2\/pages\/950","targetHints":{"allow":["GET"]}}],"collection":[{"href":"https:\/\/bandirmacocukdisdoktoru.com.tr\/tr\/index.php?rest_route=\/wp\/v2\/pages"}],"about":[{"href":"https:\/\/bandirmacocukdisdoktoru.com.tr\/tr\/index.php?rest_route=\/wp\/v2\/types\/page"}],"author":[{"embeddable":true,"href":"https:\/\/bandirmacocukdisdoktoru.com.tr\/tr\/index.php?rest_route=\/wp\/v2\/users\/1"}],"replies":[{"embeddable":true,"href":"https:\/\/bandirmacocukdisdoktoru.com.tr\/tr\/index.php?rest_route=%2Fwp%2Fv2%2Fcomments&post=950"}],"version-history":[{"count":5,"href":"https:\/\/bandirmacocukdisdoktoru.com.tr\/tr\/index.php?rest_route=\/wp\/v2\/pages\/950\/revisions"}],"predecessor-version":[{"id":3241,"href":"https:\/\/bandirmacocukdisdoktoru.com.tr\/tr\/index.php?rest_route=\/wp\/v2\/pages\/950\/revisions\/3241"}],"up":[{"embeddable":true,"href":"https:\/\/bandirmacocukdisdoktoru.com.tr\/tr\/index.php?rest_route=\/wp\/v2\/pages\/957"}],"wp:attachment":[{"href":"https:\/\/bandirmacocukdisdoktoru.com.tr\/tr\/index.php?rest_route=%2Fwp%2Fv2%2Fmedia&parent=950"}],"curies":[{"name":"wp","href":"https:\/\/api.w.org\/{rel}","templated":true}]}}