{"id":3352,"date":"2023-04-16T04:15:08","date_gmt":"2023-04-16T01:15:08","guid":{"rendered":"https:\/\/bandirmacocukdisdoktoru.com.tr\/tr\/?page_id=3352"},"modified":"2023-04-16T04:35:44","modified_gmt":"2023-04-16T01:35:44","slug":"cocuk-ortodonti-tedavisi","status":"publish","type":"page","link":"https:\/\/bandirmacocukdisdoktoru.com.tr\/tr\/?page_id=3352","title":{"rendered":"\u00c7ocuk Ortodonti Tedavisi"},"content":{"rendered":"<section class=\"av_textblock_section \"  itemscope=\"itemscope\" itemtype=\"https:\/\/schema.org\/CreativeWork\" ><div class='avia_textblock  '   itemprop=\"text\" ><blockquote>\n<p>\u00c7ocuk Ortodonti Tedavisi<\/p>\n<\/blockquote>\n<p>\u00c7ocuklarda ortodonti, g\u00fcn\u00fcm\u00fczde her aileyi \u00f6nemli \u00f6l\u00e7\u00fcde ilgilendiren bir aland\u0131r. \u00c7ocuklarda ortodonti Tedavisi, g\u00fcn\u00fcm\u00fczde her aileyi \u00f6nemli \u00f6l\u00e7\u00fcde ilgilendiren bir aland\u0131r. \u00c7ocuklar\u0131n a\u011f\u0131z ve di\u015f yap\u0131s\u0131n\u0131n genel anlamda takibinin sa\u011flanmas\u0131, gelecekte olu\u015facak olan her t\u00fcrl\u00fc di\u015f sa\u011fl\u0131\u011f\u0131 problemlerinin \u00f6n\u00fcne ge\u00e7ilmesine olanak sa\u011flar. Erken Ya\u015fta ba\u015flayan ve aileler taraf\u0131ndan fark edilen ortodontik bozukluklar \u00e7ocuklar i\u00e7im ilerleyen hayatlar\u0131nda \u00f6nemli katk\u0131 sa\u011flamaktad\u0131r.<\/p>\n<p>\u00c7ocuk ortodonti tedavisi bu noktada \u00f6nem kazan\u0131r. S\u00fct di\u015flerinin ge\u00e7ici olmas\u0131 bir\u00e7ok aile taraf\u0131ndan ihmalkarl\u0131\u011fa sebep olabilmektedir. S\u00fct di\u015fleri, de\u011fi\u015fim s\u00fcrelerini tamamlamalar\u0131 an\u0131na kadar a\u011f\u0131zda kalmal\u0131d\u0131r. Bu detay, \u00e7ene kemi\u011finin geli\u015fmesi a\u00e7\u0131s\u0131ndan ve kapan\u0131\u015f problemleri ya\u015fanmamas\u0131 a\u00e7\u0131s\u0131ndan \u00f6nemli bir sebeptir. \u00c7ocuklar\u0131n ilk s\u00fct di\u015fleri \u00e7\u0131kmaya ba\u015flad\u0131\u011f\u0131 anda anne taraf\u0131ndan di\u015fler f\u0131r\u00e7alanmaya ba\u015flanarak \u00e7\u00fcr\u00fcmeler engellenmelidir. Aileler \u00e7ocuklar\u0131n\u0131n di\u015f geli\u015fimlerini, a\u011f\u0131z yap\u0131lar\u0131n\u0131 do\u011fru g\u00f6zlemlemelidirler.<br \/>\n\u00c7ocuk ortodonti muayenesi 6-7 ya\u015flar\u0131nda yap\u0131labilir. Bu ya\u015f aral\u0131\u011f\u0131nda daimi di\u015flerin \u00e7\u0131kmas\u0131 ger\u00e7ekle\u015fir. 6-7 ya\u015f aral\u0131\u011f\u0131nda, her t\u00fcrl\u00fc kapan\u0131\u015f problemleri ve \u00e7ene yap\u0131s\u0131nda bulunan iskeletsel bozukluklar\u0131n te\u015fhisi kolayla\u015f\u0131r. 7-8 ya\u015flar\u0131nda \u00e7ocuk ortodonti tedavisi de daha h\u0131zl\u0131 sonu\u00e7lar vermektedir.<br \/>\n\u00c7ocuk ortodonti tedavisinde temel prensip, ortodonti sorununa neden olan etkeni ortadan kald\u0131rarak en etkin ortodonti tedavi se\u00e7ene\u011fini belirlemektir. \u00c7ocuk ortodonti tedavisi, \u00e7ocuklar\u0131n a\u011f\u0131z ve di\u015f sa\u011fl\u0131\u011f\u0131 i\u00e7in son derece \u00f6nem arz eder. Ortodontiste muayene olduktan sonra baz\u0131 durumlarda hi\u00e7 di\u015f teli ya da damakl\u0131k apareyi takmadan da ortodonti bozukluklar\u0131 giderilebilmektedir. \u00c7ocuklar\u0131n\u0131z i\u00e7in en uygun \u00f6nlemleri alarak di\u015f sa\u011fl\u0131\u011f\u0131 problemlerinin \u00f6n\u00fcne ge\u00e7ilmelidir.<br \/>\n\u00c7ocuklarda di\u015f telleri art\u0131k sorun de\u011fil.<br \/>\n2000\u2019li y\u0131llardan itibaren \u00e7ocuk ortodonti tedavisinde, farkl\u0131 renkli di\u015f teli alternatifleri bulunmakta. \u00c7ocuklar\u0131m\u0131z\u0131n isteklerine g\u00f6re renkli di\u015f tellerinin olmas\u0131, biz ortodontistlerin, ortodonti tedavi merkezlerinin i\u015flerini kolayla\u015ft\u0131rmaktad\u0131r. Ortodonti tedavisi g\u00f6ren \u00e7ocuklar\u0131n say\u0131s\u0131n\u0131n g\u00fcn\u00fcm\u00fczde h\u0131zla artmas\u0131, \u00e7ocuklar i\u00e7in art\u0131k di\u015f teli takan farkl\u0131 arkada\u015flar\u0131n\u0131 s\u0131k\u00e7a g\u00f6rd\u00fckleri i\u00e7in ortodonti tedavisini art\u0131k garipsemiyorlar. G\u00fcn\u00fcm\u00fczde ailelerin \u00e7ocuklar\u0131n\u0131n a\u011f\u0131z sa\u011fl\u0131\u011f\u0131 ve ortodonti tedavilerine \u00f6nem vermeleri olduk\u00e7a memnuniyet verici bir durum. Bilin\u00e7li aileler \u00e7ocuklar\u0131n\u0131n di\u015f sa\u011fl\u0131\u011f\u0131 ve \u00e7ocuk ortodonti tedavileri noktas\u0131nda olduk\u00e7a ilgililer.<\/p>\n<p>\u00c7ocuklarda Ortodonti Tedavisi Nas\u0131l Olur?<\/p>\n<p>Ortodonti Tedavi \u00d6ncesi-Sonras\u0131<br \/>\nPeki\u015ftirme Tedavisi<br \/>\nOrtodonti Tedavi Y\u00f6ntemleri<\/p>\n<\/div><\/section>\n","protected":false},"excerpt":{"rendered":"","protected":false},"author":1,"featured_media":0,"parent":0,"menu_order":0,"comment_status":"closed","ping_status":"closed","template":"","meta":{"footnotes":""},"class_list":["post-3352","page","type-page","status-publish","hentry"],"_links":{"self":[{"href":"https:\/\/bandirmacocukdisdoktoru.com.tr\/tr\/index.php?rest_route=\/wp\/v2\/pages\/3352","targetHints":{"allow":["GET"]}}],"collection":[{"href":"https:\/\/bandirmacocukdisdoktoru.com.tr\/tr\/index.php?rest_route=\/wp\/v2\/pages"}],"about":[{"href":"https:\/\/bandirmacocukdisdoktoru.com.tr\/tr\/index.php?rest_route=\/wp\/v2\/types\/page"}],"author":[{"embeddable":true,"href":"https:\/\/bandirmacocukdisdoktoru.com.tr\/tr\/index.php?rest_route=\/wp\/v2\/users\/1"}],"replies":[{"embeddable":true,"href":"https:\/\/bandirmacocukdisdoktoru.com.tr\/tr\/index.php?rest_route=%2Fwp%2Fv2%2Fcomments&post=3352"}],"version-history":[{"count":2,"href":"https:\/\/bandirmacocukdisdoktoru.com.tr\/tr\/index.php?rest_route=\/wp\/v2\/pages\/3352\/revisions"}],"predecessor-version":[{"id":3376,"href":"https:\/\/bandirmacocukdisdoktoru.com.tr\/tr\/index.php?rest_route=\/wp\/v2\/pages\/3352\/revisions\/3376"}],"wp:attachment":[{"href":"https:\/\/bandirmacocukdisdoktoru.com.tr\/tr\/index.php?rest_route=%2Fwp%2Fv2%2Fmedia&parent=3352"}],"curies":[{"name":"wp","href":"https:\/\/api.w.org\/{rel}","templated":true}]}}