{"id":3351,"date":"2023-04-16T04:14:45","date_gmt":"2023-04-16T01:14:45","guid":{"rendered":"https:\/\/bandirmacocukdisdoktoru.com.tr\/tr\/?page_id=3351"},"modified":"2023-04-16T04:34:34","modified_gmt":"2023-04-16T01:34:34","slug":"cam-iyonomer-dolgu","status":"publish","type":"page","link":"https:\/\/bandirmacocukdisdoktoru.com.tr\/tr\/?page_id=3351","title":{"rendered":"Cam \u0130yonomer Dolgu"},"content":{"rendered":"<section class=\"av_textblock_section \"  itemscope=\"itemscope\" itemtype=\"https:\/\/schema.org\/CreativeWork\" ><div class='avia_textblock  '   itemprop=\"text\" ><blockquote>\n<p>Cam \u0130yonomer Dolgu<\/p>\n<\/blockquote>\n<p>\u00c7ocuklar\u0131n s\u00fct di\u015flerinde daimi dolgu maddesi olarak, yeti\u015fkinlerde ise uzun s\u00fcreli ge\u00e7ici dolgu olarak kullan\u0131labilen Cam \u0130yonomer dolgu hekimlerimizin g\u00fcvenle kulland\u0131\u011f\u0131 maddelerdendir. Hamileler ve \u00e7ocuklar i\u00e7in en g\u00fcvenilir ve fazlas\u0131yla sa\u011fl\u0131kl\u0131 dolgu \u00e7e\u015fididir.<\/p>\n<p>Son y\u0131llarda amalgam ve kompozit dolgular hakk\u0131nda yap\u0131lan \u00e7e\u015fitli s\u00f6ylentiler nedeniyle cam iyonomer dolgular, amalgam dolgulara oranla daha \u00e7ok tercih edilmeye ba\u015fland\u0131. \u0130yonomer dolgular hi\u00e7bir toksik \u00f6zelli\u011fi bulunmayan dolgu materyalidir. \u00c7ocuklar i\u00e7in arka di\u015f b\u00f6lgelerinde kullan\u0131labilecek zarars\u0131z en ideal dolgu cam iyonomer dolgulard\u0131r.<\/p>\n<\/div><\/section>\n","protected":false},"excerpt":{"rendered":"","protected":false},"author":1,"featured_media":0,"parent":0,"menu_order":0,"comment_status":"closed","ping_status":"closed","template":"","meta":{"footnotes":""},"class_list":["post-3351","page","type-page","status-publish","hentry"],"_links":{"self":[{"href":"https:\/\/bandirmacocukdisdoktoru.com.tr\/tr\/index.php?rest_route=\/wp\/v2\/pages\/3351","targetHints":{"allow":["GET"]}}],"collection":[{"href":"https:\/\/bandirmacocukdisdoktoru.com.tr\/tr\/index.php?rest_route=\/wp\/v2\/pages"}],"about":[{"href":"https:\/\/bandirmacocukdisdoktoru.com.tr\/tr\/index.php?rest_route=\/wp\/v2\/types\/page"}],"author":[{"embeddable":true,"href":"https:\/\/bandirmacocukdisdoktoru.com.tr\/tr\/index.php?rest_route=\/wp\/v2\/users\/1"}],"replies":[{"embeddable":true,"href":"https:\/\/bandirmacocukdisdoktoru.com.tr\/tr\/index.php?rest_route=%2Fwp%2Fv2%2Fcomments&post=3351"}],"version-history":[{"count":2,"href":"https:\/\/bandirmacocukdisdoktoru.com.tr\/tr\/index.php?rest_route=\/wp\/v2\/pages\/3351\/revisions"}],"predecessor-version":[{"id":3375,"href":"https:\/\/bandirmacocukdisdoktoru.com.tr\/tr\/index.php?rest_route=\/wp\/v2\/pages\/3351\/revisions\/3375"}],"wp:attachment":[{"href":"https:\/\/bandirmacocukdisdoktoru.com.tr\/tr\/index.php?rest_route=%2Fwp%2Fv2%2Fmedia&parent=3351"}],"curies":[{"name":"wp","href":"https:\/\/api.w.org\/{rel}","templated":true}]}}