{"id":3350,"date":"2023-04-16T04:14:36","date_gmt":"2023-04-16T01:14:36","guid":{"rendered":"https:\/\/bandirmacocukdisdoktoru.com.tr\/tr\/?page_id=3350"},"modified":"2023-04-16T04:33:34","modified_gmt":"2023-04-16T01:33:34","slug":"yer-tutucu","status":"publish","type":"page","link":"https:\/\/bandirmacocukdisdoktoru.com.tr\/tr\/?page_id=3350","title":{"rendered":"Yer Tutucu"},"content":{"rendered":"<section class=\"av_textblock_section \"  itemscope=\"itemscope\" itemtype=\"https:\/\/schema.org\/CreativeWork\" ><div class='avia_textblock  '   itemprop=\"text\" ><blockquote>\n<p>Yer Tutucu<\/p>\n<\/blockquote>\n<p>Di\u015f hekimli\u011finin esas amac\u0131nda; \u00e7enelerin, di\u015flerin ve etraf\u0131ndaki \u00e7evre dokular\u0131n yerlerini sa\u011fl\u0131kl\u0131 \u015fekilde konumland\u0131r\u0131lmas\u0131na destek olarak korunmalar\u0131n\u0131 sa\u011flamakt\u0131r. G\u00fcn\u00fcm\u00fczde yap\u0131lan \u00e7e\u015fitli \u00e7al\u0131\u015fmalarla erken s\u00fct di\u015f kayb\u0131na ba\u011fl\u0131 bi\u00e7imde g\u00f6zlenen \u00e7apra\u015f\u0131kl\u0131klar ve d\u00fczensizlikler b\u00fcy\u00fck oranda \u00f6nlenmeye \u00e7al\u0131\u015f\u0131lmaktad\u0131r.<\/p>\n<p>Band\u0131rma \u00c7ocuk Di\u015f Doktoru Yer Tutucu<\/p>\n<p>S\u00fct di\u015fleri, gelecekte s\u00fcrecek olan s\u00fcrekli di\u015flere rehberlik eder. S\u00fct di\u015fleri \u00e7\u00fcr\u00fck veya travma sebebiyle zaman\u0131ndan \u00f6nce kaybedilirse kom\u015fu di\u015flerin \u00e7ekim bo\u015fluklar\u0131na do\u011fru hareket etti\u011fi i\u00e7in \u00e7apra\u015f\u0131kl\u0131klara sebebiyet verir.<\/p>\n<p>Yer Tutucular\u0131n G\u00f6revi Nedir?<br \/>\nKom\u015fu di\u015flerin \u00e7ekim bo\u015flu\u011funa y\u00f6nelmelerini ve bu yolla daimi di\u015fin ya g\u00f6m\u00fck kalmas\u0131n\u0131 ya da farkl\u0131 yerden \u00e7\u0131kmas\u0131n\u0131, dolay\u0131s\u0131yla gelecekte ortodontik bozukluk olu\u015fmas\u0131n\u0131 \u00f6nlemeye yarayan apareylerdir.<\/p>\n<p>Kayb\u0131 ya\u015fanan di\u015fin olu\u015fturdu\u011fu bo\u015fluk, alt\u0131ndaki s\u00fcrekli di\u015fin s\u00fcrmesine kadar mutlaka bir yer tutucu deste\u011fiyle korunmal\u0131d\u0131r. Di\u015f teknisyenleri taraf\u0131ndan b\u00fcy\u00fck bir \u00f6zenle haz\u0131rlanan yer tutucular, \u00e7ocuklar\u0131n di\u015f, \u00e7ene yap\u0131lar\u0131na uygun bir \u015fekilde tasarlan\u0131rlar. Uygulanmalar\u0131 ve kullan\u0131mlar\u0131 olduk\u00e7a portatiftir.<\/p>\n<p>Yer tutucular\u0131n\u0131n haz\u0131rlanma s\u00fcrecinde bir\u00e7ok etmen g\u00f6z \u00f6n\u00fcnde bulundurulur. \u00c7ocuklar\u0131n di\u015f geli\u015fimi, kay\u0131p di\u015f say\u0131s\u0131 ve yerine g\u00f6re yer tutucular sabit veya hareketli konumda tasarlanabilirler. Yer tutucular, \u00e7ekilen s\u00fct di\u015finin alt\u0131ndaki kal\u0131c\u0131 di\u015fin a\u011f\u0131z i\u00e7erisine s\u00fcrmesine kadar a\u011f\u0131zda tutulmal\u0131d\u0131r.<br \/>\nYer Tutucular\u0131n \u00d6zellikleri &#8211; Sabit Yer Tutucular<br \/>\nUygulamada tek seans yeterlidir.<br \/>\nPeriodontal sorunlara sebep olmazlar.<br \/>\nMetal alerjisi olu\u015fturmazlar.<br \/>\nDo\u011fal di\u015fe olduk\u00e7a yak\u0131nl\u0131klar\u0131 vard\u0131r.<br \/>\nHareketli Yer Tutucular<br \/>\nBirden \u00e7ok di\u015f kayb\u0131 durumlar\u0131nda uygulanabilirler.<br \/>\nOkluzal fonksiyonu ve di\u015f eksikli\u011fini tamamlama g\u00f6revine sahiptirler.<\/p>\n<p>S\u00fct di\u015flerinin d\u00fc\u015fme zaman\u0131na kadar a\u011f\u0131zda kalmas\u0131 ama\u00e7lan\u0131r. Neden mi?<\/p>\n<p>S\u00fct di\u015fleri beslenmeyi sa\u011flar.<br \/>\n\u00c7enelerin normal pozisyonlarda en kaliteli \u015fekilde geli\u015fmesini sa\u011flarlar.<br \/>\nKonu\u015fma, fonasyon ve esteti\u011fi sa\u011flarlar.<br \/>\nAlttaki daimi di\u015f germini travmalardan korurlar.<br \/>\nYer tutucu olarak g\u00f6rev \u00fcstlenirler.<\/p>\n<p>Yer tutucular\u0131n a\u011f\u0131z i\u00e7erisine yap\u0131\u015ft\u0131r\u0131lmas\u0131ndan sonra dikkat edilmesi gereken baz\u0131 fakt\u00f6rler;<\/p>\n<p>Sak\u0131z, karamel tarz\u0131nda yap\u0131\u015fkan yiyeceklerin t\u00fcketilmemesi gerekmektedir. Bu tarz yiyecekler \u00e7ekme kuvveti uygular ve yer tutucunun yerinden \u00e7\u0131kmas\u0131na sebebiyet verir.<br \/>\nYer tutucular\u0131n yerinden \u00e7\u0131kt\u0131\u011f\u0131 durumlarda hemen ortodontist veya pedodontiste ba\u015fvurarak yer tutucu yeniden yerine yap\u0131\u015ft\u0131r\u0131labilir.<br \/>\nYer tutucuya dil veya parmakla bast\u0131r\u0131lmamal\u0131d\u0131r.<br \/>\nYer tutucunun \u00e7evresi hijyenik tutulmal\u0131, d\u00fczenli f\u0131r\u00e7alanmal\u0131d\u0131r.<br \/>\nYer tutucular\u0131n yap\u0131\u015ft\u0131r\u0131lmas\u0131ndan sonra d\u00fczenlilikle di\u015f hekimi kontrol\u00fc gereklidir.<br \/>\nYer tutucunun k\u0131r\u0131lmas\u0131 veya \u00e7i\u011fneyici kuvvetler nedeniyle ezilmesi halinde yerine mutlaka yenisinin yap\u0131lmas\u0131 gerekmektedir.<br \/>\nYer Tutucular\u0131n Bak\u0131m\u0131 Nas\u0131l Yap\u0131l\u0131r?<br \/>\nSabit yer tutucular\u0131n bak\u0131m\u0131 di\u011fer di\u015fler gibi ger\u00e7ekle\u015ftirilir. G\u00fcnl\u00fck olarak \u00e7evresini f\u0131r\u00e7alamaya \u00f6zen g\u00f6stermelisiniz. Hareketli yer tutucular, yemek yerken \u00e7\u0131kar\u0131lmalar\u0131 gerekmektedir. Apareyler, yemek yenmesi ve di\u015fler f\u0131r\u00e7alanmas\u0131 sonras\u0131nda yerlerine tak\u0131lmal\u0131d\u0131r.<\/p>\n<\/div><\/section>\n","protected":false},"excerpt":{"rendered":"","protected":false},"author":1,"featured_media":0,"parent":0,"menu_order":0,"comment_status":"closed","ping_status":"closed","template":"","meta":{"footnotes":""},"class_list":["post-3350","page","type-page","status-publish","hentry"],"_links":{"self":[{"href":"https:\/\/bandirmacocukdisdoktoru.com.tr\/tr\/index.php?rest_route=\/wp\/v2\/pages\/3350","targetHints":{"allow":["GET"]}}],"collection":[{"href":"https:\/\/bandirmacocukdisdoktoru.com.tr\/tr\/index.php?rest_route=\/wp\/v2\/pages"}],"about":[{"href":"https:\/\/bandirmacocukdisdoktoru.com.tr\/tr\/index.php?rest_route=\/wp\/v2\/types\/page"}],"author":[{"embeddable":true,"href":"https:\/\/bandirmacocukdisdoktoru.com.tr\/tr\/index.php?rest_route=\/wp\/v2\/users\/1"}],"replies":[{"embeddable":true,"href":"https:\/\/bandirmacocukdisdoktoru.com.tr\/tr\/index.php?rest_route=%2Fwp%2Fv2%2Fcomments&post=3350"}],"version-history":[{"count":2,"href":"https:\/\/bandirmacocukdisdoktoru.com.tr\/tr\/index.php?rest_route=\/wp\/v2\/pages\/3350\/revisions"}],"predecessor-version":[{"id":3374,"href":"https:\/\/bandirmacocukdisdoktoru.com.tr\/tr\/index.php?rest_route=\/wp\/v2\/pages\/3350\/revisions\/3374"}],"wp:attachment":[{"href":"https:\/\/bandirmacocukdisdoktoru.com.tr\/tr\/index.php?rest_route=%2Fwp%2Fv2%2Fmedia&parent=3350"}],"curies":[{"name":"wp","href":"https:\/\/api.w.org\/{rel}","templated":true}]}}