{"id":3349,"date":"2023-04-16T04:13:46","date_gmt":"2023-04-16T01:13:46","guid":{"rendered":"https:\/\/bandirmacocukdisdoktoru.com.tr\/tr\/?page_id=3349"},"modified":"2023-04-16T04:29:42","modified_gmt":"2023-04-16T01:29:42","slug":"fissur-uygulamasi","status":"publish","type":"page","link":"https:\/\/bandirmacocukdisdoktoru.com.tr\/tr\/?page_id=3349","title":{"rendered":"Fiss\u00fcr Uygulamas\u0131"},"content":{"rendered":"<section class=\"av_textblock_section \"  itemscope=\"itemscope\" itemtype=\"https:\/\/schema.org\/CreativeWork\" ><div class='avia_textblock  '   itemprop=\"text\" ><blockquote>\n<p>Fissur Uygulamas\u0131<\/p>\n<\/blockquote>\n<p>Di\u015flerin girintili \u00e7\u0131k\u0131nt\u0131l\u0131 k\u0131s\u0131mlar\u0131 \u00e7i\u011fneyici y\u00fczeyleridir. Bu \u00e7ukurcuk ve tepecikler pit ve fiss\u00fcrler olarak bilinir. Olduk\u00e7a dar olan bu b\u00f6lgeler, temizlenememesi nedeniyle genellikle \u00e7\u00fcr\u00fcklerin ba\u015flad\u0131\u011f\u0131 k\u0131s\u0131mlard\u0131r. G\u0131da ve mikroorganizma birikimini ve buna ba\u011fl\u0131 olarak \u00e7\u00fcr\u00fc\u011f\u00fc \u00f6nlemek amac\u0131yla \u00f6zel ak\u0131c\u0131 nitelikte dolgu malzemesi kullan\u0131l\u0131r.<\/p>\n<p>Mevcut b\u00f6lgenin kaliteli bir \u015fekilde temizlenir. Fiss\u00fcr sealant dedi\u011fimiz ak\u0131c\u0131 dolgu bu b\u00f6lgeye uygulan\u0131r. I\u015f\u0131kla sertle\u015fmesi sa\u011flanarak, fazlal\u0131klar\u0131 d\u00fczeltilir. Cilalamas\u0131 yap\u0131l\u0131r. Ger\u00e7ekle\u015ftirilen i\u015flemle t\u00fcm \u00e7\u00fcr\u00fcklerin yakla\u015f\u0131k %70\u2019ini olu\u015fturan \u00e7i\u011fneyici y\u00fczey \u00e7\u00fcr\u00fcklerinden korunmak m\u00fcmk\u00fcn hale gelir.<\/p>\n<p>Buz \u00e7i\u011fneme veya di\u015f g\u0131c\u0131rdatma gibi al\u0131\u015fkanl\u0131klar\u0131 olan bireylerde s\u00fcrekli kontrol edilmeleri gerekmektedir.<\/p>\n<p>Band\u0131rma \u00c7ocuk Di\u015f Doktoru Fiss\u00fcr Uygulamas\u0131<\/p>\n<p>Uygulama i\u00e7in en ideal d\u00f6nem, ilk kal\u0131c\u0131 di\u015flerin \u00e7\u0131kt\u0131\u011f\u0131 d\u00f6nemdir. Buda 6 ya\u015f civar\u0131na denk gelmektedir. Di\u011fer az\u0131 di\u015flerinin s\u00fcrme zaman\u0131 beraberinde di\u011fer di\u015flere de uygulama yap\u0131labilir. Bir noktay\u0131 vurgulamakta yarar var. Kal\u0131c\u0131 di\u015fler s\u00fcrmeye ba\u015flad\u0131ktan 1-2 sene sonras\u0131nda bu i\u015flemin yapt\u0131r\u0131lmas\u0131 daha da iyi se\u00e7im olacakt\u0131r.<\/p>\n<p>Unutmay\u0131n, uzayan her s\u00fcrede \u00e7\u00fcr\u00fck olu\u015fumu ihtimalleri art\u0131\u015f g\u00f6sterir. Dolay\u0131s\u0131yla fiss\u00fcr sealant yerine dolgu yapmaya ihtiya\u00e7 duyulabilir. \u00c7\u00fcr\u00fc\u011f\u00fc bulunmayan yeti\u015fkinlerde de uygulanabilen y\u00f6ntemdir. \u00c7ocuklarda kullan\u0131m\u0131 olduk\u00e7a kolayd\u0131r.<\/p>\n<p>\u0130\u015fleme \u00f6ncesinde sealent uygulanacak y\u00fczeydeki girintiler tamamen temiz ve bakterilerin uzakla\u015ft\u0131r\u0131lmas\u0131 gerekir.<\/p>\n<p>\u00d6zel sol\u00fcsyon yard\u0131m\u0131yla di\u015fleriniz hekiminiz taraf\u0131ndan f\u0131r\u00e7alanarak temizlenir ve kurutulur. Di\u015fin en \u00fcst\u00fcnde bulunan mine tabakas\u0131 bir jel yard\u0131m\u0131yla p\u00fcr\u00fczlendirilir ve yap\u0131\u015ft\u0131r\u0131c\u0131 (bonding) s\u00fcr\u00fcl\u00fcr. I\u015f\u0131k ile sertle\u015ftirildikten sonra fiss\u00fcr sealantin bir f\u0131r\u00e7a yard\u0131m\u0131 ile girintileri doldurmas\u0131 sa\u011flan\u0131r, tekrar \u0131\u015f\u0131kla sertle\u015ftirilme i\u015flemi yap\u0131l\u0131r. Y\u00fckseklik olup olmad\u0131\u011f\u0131 kontrol edilip \u00fczerine koruyucu cilas\u0131 s\u00fcr\u00fcl\u00fcrek i\u015flem sonland\u0131r\u0131l\u0131r.<\/p>\n<\/div><\/section>\n","protected":false},"excerpt":{"rendered":"","protected":false},"author":1,"featured_media":0,"parent":0,"menu_order":0,"comment_status":"closed","ping_status":"closed","template":"","meta":{"footnotes":""},"class_list":["post-3349","page","type-page","status-publish","hentry"],"_links":{"self":[{"href":"https:\/\/bandirmacocukdisdoktoru.com.tr\/tr\/index.php?rest_route=\/wp\/v2\/pages\/3349","targetHints":{"allow":["GET"]}}],"collection":[{"href":"https:\/\/bandirmacocukdisdoktoru.com.tr\/tr\/index.php?rest_route=\/wp\/v2\/pages"}],"about":[{"href":"https:\/\/bandirmacocukdisdoktoru.com.tr\/tr\/index.php?rest_route=\/wp\/v2\/types\/page"}],"author":[{"embeddable":true,"href":"https:\/\/bandirmacocukdisdoktoru.com.tr\/tr\/index.php?rest_route=\/wp\/v2\/users\/1"}],"replies":[{"embeddable":true,"href":"https:\/\/bandirmacocukdisdoktoru.com.tr\/tr\/index.php?rest_route=%2Fwp%2Fv2%2Fcomments&post=3349"}],"version-history":[{"count":2,"href":"https:\/\/bandirmacocukdisdoktoru.com.tr\/tr\/index.php?rest_route=\/wp\/v2\/pages\/3349\/revisions"}],"predecessor-version":[{"id":3373,"href":"https:\/\/bandirmacocukdisdoktoru.com.tr\/tr\/index.php?rest_route=\/wp\/v2\/pages\/3349\/revisions\/3373"}],"wp:attachment":[{"href":"https:\/\/bandirmacocukdisdoktoru.com.tr\/tr\/index.php?rest_route=%2Fwp%2Fv2%2Fmedia&parent=3349"}],"curies":[{"name":"wp","href":"https:\/\/api.w.org\/{rel}","templated":true}]}}