{"id":3348,"date":"2023-04-16T04:13:36","date_gmt":"2023-04-16T01:13:36","guid":{"rendered":"https:\/\/bandirmacocukdisdoktoru.com.tr\/tr\/?page_id=3348"},"modified":"2023-04-16T04:28:35","modified_gmt":"2023-04-16T01:28:35","slug":"sut-disi-cekimi","status":"publish","type":"page","link":"https:\/\/bandirmacocukdisdoktoru.com.tr\/tr\/?page_id=3348","title":{"rendered":"S\u00fct Di\u015fi \u00c7ekimi"},"content":{"rendered":"<section class=\"av_textblock_section \"  itemscope=\"itemscope\" itemtype=\"https:\/\/schema.org\/CreativeWork\" ><div class='avia_textblock  '   itemprop=\"text\" ><blockquote>\n<p>S\u00fct Di\u015fi \u00c7ekimi<\/p>\n<\/blockquote>\n<p>\u00c7\u00fcr\u00fck, bazen di\u015fin i\u00e7 k\u0131sm\u0131ndaki canl\u0131 (sinir-pulpa) b\u00f6l\u00fcme kadar ilerleyerek di\u015fin k\u00f6klerinden \u00e7ene kemi\u011fine ula\u015fan iltihab\u0131 bir durum meydana gelmesine sebep olur. \u00c7ocu\u011funuzun y\u00fcz\u00fc \u015fi\u015fer, \u015fiddetli a\u011fr\u0131s\u0131 ya\u015fayarak huzursuz olur. Bu s\u00fct di\u015fini \u00e7ocu\u011fun a\u011fz\u0131nda tutmak \u00e7ocu\u011fun sa\u011fl\u0131\u011f\u0131 a\u00e7\u0131s\u0131ndan son derece yanl\u0131\u015ft\u0131r.<\/p>\n<p>Huzursuzluk veren di\u015f, bir s\u00fct di\u015fi ise ve alttan gelen daimi di\u015fin s\u00fcrme zaman\u0131 \u00e7ok yak\u0131nsa hi\u00e7 bir mahsuru olmadan \u00e7ekilmesi gereken bir durumdad\u0131r. Daimi di\u015fin s\u00fcrme zaman\u0131na daha varsa mutlaka \u00e7ekilen di\u015fin yerine bir yer tutucu aparey yerle\u015ftirilmelidir.<\/p>\n<p>Kal\u0131c\u0131 bir di\u015fte ise \u00e7ekim i\u015fleminden \u00f6nce bu karar iyi bir \u015fekilde g\u00f6zden ge\u00e7irilmeli ve ger\u00e7ekten yap\u0131lacak hi\u00e7bir \u015fey kalmad\u0131\u011f\u0131 durumlarda di\u015fin \u00e7ekimi i\u015flemine gidilmelidir.<\/p>\n<p>Di\u015flerin \u00e7ekilmesi sonras\u0131nda, \u00e7ocu\u011fun ya\u015f\u0131 uygun ise hemen ortodontik tedaviye ba\u015flanarak mevcut bo\u015fluk di\u011fer di\u015flerle kapat\u0131lmal\u0131 ve alt-\u00fcst di\u015fler aras\u0131nda do\u011fru bir kapan\u0131\u015f ili\u015fkisi sa\u011flaman\u0131n yoluna gidilmelidir. \u00c7ekilen daimi di\u015fin yeri geli\u015fi g\u00fczel b\u0131rak\u0131l\u0131rsa yandaki di\u015fler bu bo\u015flu\u011fa do\u011fru e\u011filirler. Bo\u015flu\u011fun kar\u015f\u0131s\u0131ndaki di\u015f bo\u015flu\u011fa uzar ve bir di\u015f y\u00fcz\u00fcnden a\u011fz\u0131n b\u00fct\u00fcn dengesi bozulabilir.<\/p>\n<\/div><\/section>\n","protected":false},"excerpt":{"rendered":"","protected":false},"author":1,"featured_media":0,"parent":0,"menu_order":0,"comment_status":"closed","ping_status":"closed","template":"","meta":{"footnotes":""},"class_list":["post-3348","page","type-page","status-publish","hentry"],"_links":{"self":[{"href":"https:\/\/bandirmacocukdisdoktoru.com.tr\/tr\/index.php?rest_route=\/wp\/v2\/pages\/3348","targetHints":{"allow":["GET"]}}],"collection":[{"href":"https:\/\/bandirmacocukdisdoktoru.com.tr\/tr\/index.php?rest_route=\/wp\/v2\/pages"}],"about":[{"href":"https:\/\/bandirmacocukdisdoktoru.com.tr\/tr\/index.php?rest_route=\/wp\/v2\/types\/page"}],"author":[{"embeddable":true,"href":"https:\/\/bandirmacocukdisdoktoru.com.tr\/tr\/index.php?rest_route=\/wp\/v2\/users\/1"}],"replies":[{"embeddable":true,"href":"https:\/\/bandirmacocukdisdoktoru.com.tr\/tr\/index.php?rest_route=%2Fwp%2Fv2%2Fcomments&post=3348"}],"version-history":[{"count":2,"href":"https:\/\/bandirmacocukdisdoktoru.com.tr\/tr\/index.php?rest_route=\/wp\/v2\/pages\/3348\/revisions"}],"predecessor-version":[{"id":3372,"href":"https:\/\/bandirmacocukdisdoktoru.com.tr\/tr\/index.php?rest_route=\/wp\/v2\/pages\/3348\/revisions\/3372"}],"wp:attachment":[{"href":"https:\/\/bandirmacocukdisdoktoru.com.tr\/tr\/index.php?rest_route=%2Fwp%2Fv2%2Fmedia&parent=3348"}],"curies":[{"name":"wp","href":"https:\/\/api.w.org\/{rel}","templated":true}]}}