{"id":3347,"date":"2023-04-16T04:13:23","date_gmt":"2023-04-16T01:13:23","guid":{"rendered":"https:\/\/bandirmacocukdisdoktoru.com.tr\/tr\/?page_id=3347"},"modified":"2023-04-16T04:27:40","modified_gmt":"2023-04-16T01:27:40","slug":"sut-disi-dolgu-tedavisi","status":"publish","type":"page","link":"https:\/\/bandirmacocukdisdoktoru.com.tr\/tr\/?page_id=3347","title":{"rendered":"S\u00fct Di\u015fi Dolgu Tedavisi"},"content":{"rendered":"<section class=\"av_textblock_section \"  itemscope=\"itemscope\" itemtype=\"https:\/\/schema.org\/CreativeWork\" ><div class='avia_textblock  '   itemprop=\"text\" ><blockquote>\n<p>S\u00fct Di\u015fi Dolgu Tedavisi<\/p>\n<\/blockquote>\n<p>Tedavi edilmeyen s\u00fct di\u015fi \u00e7\u00fcr\u00fckleri bir\u00e7ok s\u0131k\u0131nt\u0131y\u0131 beraberinde getirir. \u00c7ocu\u011funuz di\u015flerinde a\u011fr\u0131, k\u00f6t\u00fc koku, di\u015f apsesi, y\u00fcz enfeksiyonu, \u00e7i\u011fneme zorlu\u011fu, beslenme bozuklu\u011fu ve \u00e7irkin g\u00f6r\u00fcnt\u00fc gibi sorunlardan yak\u0131nmaya ba\u015flar. \u00c7ocukluk d\u00f6nemindeki tedavi edilmeyen di\u015f bozukluklar\u0131, gelecekte di\u015f \u00e7arp\u0131kl\u0131klar\u0131na, \u00e7ene geli\u015fiminde bozukluklara ve genel sa\u011fl\u0131k problemlerine (romatizmadan kalp rahats\u0131zl\u0131klar\u0131na kadar) neden olmaktad\u0131r.<\/p>\n<p>S\u00fct di\u015flerindeki \u00e7\u00fcr\u00fckler, &#8220;nas\u0131l olsa yerine yenileri gelecek&#8221; yan\u0131lg\u0131s\u0131na d\u00fc\u015fmeden tedavi gerektirmektedir.<\/p>\n<p>S\u00fct di\u015flerinde ya\u015fanan \u00e7\u00fcr\u00fckler; a\u011fr\u0131 ile \u00e7ocu\u011fun \u00e7ok k\u00fc\u00e7\u00fck ya\u015flarda tan\u0131\u015fmas\u0131na ve gelecekte baz\u0131 fobileri olmas\u0131na sebep olarak \u00e7ocu\u011funuzu s\u0131k\u0131nt\u0131ya sokar. Ayr\u0131ca bu \u00e7\u00fcr\u00fckler s\u00fct di\u015flerinin erken zamanda kaybolmas\u0131na neden olarak s\u00fct di\u015flerin daimi di\u015flere s\u00fcrme rehberli\u011fi yapmas\u0131na da engel olur.<\/p>\n<\/div><\/section>\n","protected":false},"excerpt":{"rendered":"","protected":false},"author":1,"featured_media":0,"parent":0,"menu_order":0,"comment_status":"closed","ping_status":"closed","template":"","meta":{"footnotes":""},"class_list":["post-3347","page","type-page","status-publish","hentry"],"_links":{"self":[{"href":"https:\/\/bandirmacocukdisdoktoru.com.tr\/tr\/index.php?rest_route=\/wp\/v2\/pages\/3347","targetHints":{"allow":["GET"]}}],"collection":[{"href":"https:\/\/bandirmacocukdisdoktoru.com.tr\/tr\/index.php?rest_route=\/wp\/v2\/pages"}],"about":[{"href":"https:\/\/bandirmacocukdisdoktoru.com.tr\/tr\/index.php?rest_route=\/wp\/v2\/types\/page"}],"author":[{"embeddable":true,"href":"https:\/\/bandirmacocukdisdoktoru.com.tr\/tr\/index.php?rest_route=\/wp\/v2\/users\/1"}],"replies":[{"embeddable":true,"href":"https:\/\/bandirmacocukdisdoktoru.com.tr\/tr\/index.php?rest_route=%2Fwp%2Fv2%2Fcomments&post=3347"}],"version-history":[{"count":2,"href":"https:\/\/bandirmacocukdisdoktoru.com.tr\/tr\/index.php?rest_route=\/wp\/v2\/pages\/3347\/revisions"}],"predecessor-version":[{"id":3371,"href":"https:\/\/bandirmacocukdisdoktoru.com.tr\/tr\/index.php?rest_route=\/wp\/v2\/pages\/3347\/revisions\/3371"}],"wp:attachment":[{"href":"https:\/\/bandirmacocukdisdoktoru.com.tr\/tr\/index.php?rest_route=%2Fwp%2Fv2%2Fmedia&parent=3347"}],"curies":[{"name":"wp","href":"https:\/\/api.w.org\/{rel}","templated":true}]}}