{"id":3346,"date":"2023-04-16T04:13:13","date_gmt":"2023-04-16T01:13:13","guid":{"rendered":"https:\/\/bandirmacocukdisdoktoru.com.tr\/tr\/?page_id=3346"},"modified":"2023-04-16T04:26:15","modified_gmt":"2023-04-16T01:26:15","slug":"travma","status":"publish","type":"page","link":"https:\/\/bandirmacocukdisdoktoru.com.tr\/tr\/?page_id=3346","title":{"rendered":"Travma"},"content":{"rendered":"<section class=\"av_textblock_section \"  itemscope=\"itemscope\" itemtype=\"https:\/\/schema.org\/CreativeWork\" ><div class='avia_textblock  '   itemprop=\"text\" ><blockquote>\n<p>Travma<\/p>\n<\/blockquote>\n<p>\u00c7ocuklarda ya\u015fanan di\u015f travmalar\u0131, di\u015flerde meydana gelen en b\u00fcy\u00fck zararlardand\u0131r. Travma sebebiyle \u00e7ocu\u011fun di\u015finin k\u0131r\u0131lmas\u0131, yerinden \u00e7\u0131kmas\u0131 ya da yer de\u011fi\u015ftirmesi gibi problemler hem \u00e7ocu\u011fu hem de aileleri \u00fczmektedir.<\/p>\n<p>Di\u015f travmalar\u0131 incelendi\u011finde, bir\u00e7ok kazan\u0131n yeni y\u00fcr\u00fcmeye ba\u015flayan \u00e7ocuklarda g\u00f6r\u00fclmektedir. 7-10 ya\u015f aras\u0131ndaki \u00e7ocuklar\u0131n di\u015flerinin travma nedeniyle zarara u\u011frama e\u011filimlerinin oldu\u011funu s\u00f6ylememiz de yanl\u0131\u015f olmayacakt\u0131r. S\u00fct di\u015flerinin s\u00fcrd\u00fc\u011f\u00fc d\u00f6neminde di\u015f travmalar\u0131yla erkek ve k\u0131z \u00e7ocuklar\u0131nda hemen hemen ayn\u0131 oranda kar\u015f\u0131la\u015f\u0131l\u0131rken; okul \u00e7a\u011f\u0131ndaki erkek \u00e7ocuklar\u0131nda k\u0131z \u00e7ocuklar\u0131na oranla travma problemleriyle daha s\u0131k kar\u015f\u0131la\u015f\u0131lmaktad\u0131r.<\/p>\n<p>Yaz aylar\u0131nda \u00e7ocuklar\u0131n hareketlilikleri art\u0131\u015f g\u00f6sterir. Bu sebeple di\u015f travmalar\u0131n\u0131n ya\u015fand\u0131\u011f\u0131n\u0131 g\u00f6zlemlemekteyiz.<\/p>\n<p>Travma ya\u015fand\u0131\u011f\u0131 anda \u00e7ocukta; bilin\u00e7 kayb\u0131, denge problem, ba\u015f a\u011fr\u0131s\u0131, bulant\u0131 ve kusma, konu\u015fma sorunlar\u0131 gibi sa\u011fl\u0131k problemleri yoksa derhal di\u015f hekimine ba\u015fvurulmal\u0131d\u0131r. \u00c7ocu\u011funuzun ilk s\u00fct di\u015fleri s\u00fcrmeye ba\u015flad\u0131\u011f\u0131ndan itibaren di\u015flerinin genel kontrol\u00fcn\u00fc sa\u011flayan pedodontist takibini sa\u011flamal\u0131s\u0131n\u0131z. Ya\u015fan\u0131lan travma sonras\u0131nda pedodontist en do\u011fru y\u00f6nlendirmeyi yapacakt\u0131r. Di\u015f travmalar\u0131nda di\u015f k\u0131r\u0131\u011f\u0131, di\u015fin yerinden \u00e7\u0131kmas\u0131yla sonu\u00e7lanan s\u0131k\u0131nt\u0131larda di\u015f doktoruna gelene kadar arada ge\u00e7en s\u00fcre \u00e7ok \u00f6nemlidir. K\u0131r\u0131k ya da \u00e7\u0131k\u0131k par\u00e7an\u0131n da sa\u011flam \u015fekilde getirilmesi m\u00fchimdir. Di\u015f hekimini yer, durum ve travman\u0131n ya\u015fan\u0131\u015f sebepleri beraberinde en kaliteli \u015fekilde bilgilendirmek m\u00fchim ayr\u0131nt\u0131lardand\u0131r. T\u00fcm bu bilgilere destekle \u00e7ocu\u011fun alerjik,akut veya kronik bir hastal\u0131\u011f\u0131n\u0131n olup olmad\u0131\u011f\u0131n\u0131 da hekime bildirmek \u00f6nemlidir. Tetenos a\u015f\u0131s\u0131n\u0131n hangi d\u00f6nemde yap\u0131ld\u0131\u011f\u0131 konusunda da hekim haberdar edilmelidir.<\/p>\n<p>Bilin\u00e7 kayb\u0131, kanama, denge problemleri, ba\u015f a\u011fr\u0131s\u0131, kusma ve bulant\u0131, konu\u015fma zorluklar\u0131 \u00e7ocukta genel sa\u011fl\u0131\u011f\u0131n de\u011ferlendirilmesinde \u00f6nemli ayr\u0131nt\u0131lard\u0131r.<\/p>\n<\/div><\/section>\n","protected":false},"excerpt":{"rendered":"","protected":false},"author":1,"featured_media":0,"parent":0,"menu_order":0,"comment_status":"closed","ping_status":"closed","template":"","meta":{"footnotes":""},"class_list":["post-3346","page","type-page","status-publish","hentry"],"_links":{"self":[{"href":"https:\/\/bandirmacocukdisdoktoru.com.tr\/tr\/index.php?rest_route=\/wp\/v2\/pages\/3346","targetHints":{"allow":["GET"]}}],"collection":[{"href":"https:\/\/bandirmacocukdisdoktoru.com.tr\/tr\/index.php?rest_route=\/wp\/v2\/pages"}],"about":[{"href":"https:\/\/bandirmacocukdisdoktoru.com.tr\/tr\/index.php?rest_route=\/wp\/v2\/types\/page"}],"author":[{"embeddable":true,"href":"https:\/\/bandirmacocukdisdoktoru.com.tr\/tr\/index.php?rest_route=\/wp\/v2\/users\/1"}],"replies":[{"embeddable":true,"href":"https:\/\/bandirmacocukdisdoktoru.com.tr\/tr\/index.php?rest_route=%2Fwp%2Fv2%2Fcomments&post=3346"}],"version-history":[{"count":2,"href":"https:\/\/bandirmacocukdisdoktoru.com.tr\/tr\/index.php?rest_route=\/wp\/v2\/pages\/3346\/revisions"}],"predecessor-version":[{"id":3369,"href":"https:\/\/bandirmacocukdisdoktoru.com.tr\/tr\/index.php?rest_route=\/wp\/v2\/pages\/3346\/revisions\/3369"}],"wp:attachment":[{"href":"https:\/\/bandirmacocukdisdoktoru.com.tr\/tr\/index.php?rest_route=%2Fwp%2Fv2%2Fmedia&parent=3346"}],"curies":[{"name":"wp","href":"https:\/\/api.w.org\/{rel}","templated":true}]}}