{"id":3344,"date":"2023-04-16T04:12:55","date_gmt":"2023-04-16T01:12:55","guid":{"rendered":"https:\/\/bandirmacocukdisdoktoru.com.tr\/tr\/?page_id=3344"},"modified":"2023-04-16T04:23:58","modified_gmt":"2023-04-16T01:23:58","slug":"amputasyon","status":"publish","type":"page","link":"https:\/\/bandirmacocukdisdoktoru.com.tr\/tr\/?page_id=3344","title":{"rendered":"Amputasyon"},"content":{"rendered":"<section class=\"av_textblock_section \"  itemscope=\"itemscope\" itemtype=\"https:\/\/schema.org\/CreativeWork\" ><div class='avia_textblock  '   itemprop=\"text\" ><blockquote>\n<p>Amputasyon Nedir<\/p>\n<\/blockquote>\n<p>Amputasyon Nedir?<br \/>\nAmputasyon, g\u00fcn\u00fcm\u00fczde s\u00fct di\u015flerinde yayg\u0131n olarak kullan\u0131lan bir tedavi \u015feklidir. Di\u015fte bulunan \u00e7\u00fcr\u00fck dokunun di\u015fi besleyen sinirden damarlara kadar ula\u015ft\u0131\u011f\u0131 hastalar \u00fczerinde uygulan\u0131r. Di\u015fin \u00e7\u00fcr\u00fck k\u0131sm\u0131yla birlikte \u00e7\u00fcr\u00fck yapan bakterilerle etkilenen sinir ve damarlar\u0131nda uzakla\u015ft\u0131r\u0131lmas\u0131yla yap\u0131l\u0131r.<\/p>\n<p>B\u00f6ylelikle sinir ve damarlar\u0131n bir k\u0131sm\u0131 uzakla\u015ft\u0131r\u0131l\u0131r. Di\u015fin canl\u0131 kalmas\u0131 ve a\u011f\u0131z i\u00e7inde sa\u011fl\u0131kl\u0131 bir \u015fekilde g\u00f6rev yapmas\u0131 ama\u00e7lanarak tedaviye devam edilir. Amputasyon tedavisinden sonra di\u015fin \u00fcst\u00fcne dolgu ya da paslanmaz \u00e7elik kron kaplamalar yap\u0131l\u0131r.<\/p>\n<p>Di\u015f dokusu canl\u0131l\u0131\u011f\u0131n\u0131 kaybetti\u011finde, a\u011fr\u0131 ve \u015fi\u015fliklerin ya\u015fanmas\u0131 olas\u0131d\u0131r. Di\u015fin canl\u0131l\u0131\u011f\u0131n\u0131 kaybetmesi, di\u015f \u00e7\u00fcr\u00fc\u011f\u00fc veya di\u015fe gelen bir travma sonucunda da ger\u00e7ekle\u015febilir.<\/p>\n<p>\u0130lerlemi\u015f \u00e7\u00fcr\u00fckler, di\u015f \u00fczerindeki belirgin renk de\u011fi\u015fiklikleri enfeksiyon belirtisidir. Bu enfeksiyonlara daimi di\u015flerde de rastlanabilir. Tedavi \u00f6ncesi a\u015famalar\u0131nda antibiyotik kullan\u0131lmas\u0131 \u00f6nerilebilir. \u00c7o\u011fu zaman kanal tedavisi ya da di\u015f \u00e7ekimi yap\u0131lmas\u0131 gereken vakalarla da kar\u015f\u0131la\u015f\u0131labilir.<\/p>\n<p>S\u00fct di\u015flerine uygulanan amputasyon ve kanal tedavilerine ba\u015flamadan \u00f6nce di\u015fe anestezi uygulan\u0131r. B\u00f6ylelikle tedavi s\u0131ras\u0131nda \u00e7ocuklar a\u011fr\u0131 hissetmiyor. Di\u015flerin uyu\u015fturulmas\u0131ndan sonra \u00e7ocu\u011funuz herhangi bir a\u011fr\u0131 ya da s\u0131z\u0131 hissetmez.<\/p>\n<p>S\u00fct di\u015finde yer alan enfeksiyon e\u011fer \u00e7ok ilerlediyse, \u00e7ocu\u011funuzun sa\u011fl\u0131\u011f\u0131 ve daimi di\u015fleri tehlikede olabilir. Her t\u00fcrl\u00fc kontroller ger\u00e7ekle\u015ftirilerek s\u00fct di\u015finin \u00e7ekimine karar verilmelidir. Bu durumlarda yer tutucu yap\u0131lmas\u0131 ayr\u0131nt\u0131s\u0131 atlanmamal\u0131d\u0131r.<\/p>\n<p>S\u00fct di\u015flerinin \u00e7ekim karar\u0131 sonras\u0131nda panoramik r\u00f6ntgen \u00e7ekilmelidir. Alt k\u0131s\u0131mdaki daimi di\u015fin geli\u015fimi incelenmeli, s\u00fct di\u015finin k\u00f6k\u00fcn\u00fcn daimi di\u015f ile ili\u015fkisine mutlaka bak\u0131l\u0131p analiz edildikten sonra \u00e7ekim karar\u0131 verilmelidir.<\/p>\n<p>S\u00fct di\u015fleri, alt k\u0131s\u0131mdan \u00e7\u0131kan daimi di\u015flerin bask\u0131s\u0131yla k\u00f6klerin erimesi sonucu d\u00fc\u015fer. E\u011fer ki di\u015fler \u00e7\u00fcr\u00fck nedeniyle kaybedilirse bo\u015flu\u011fun iki taraf\u0131nda yer alan di\u015fler \u00e7ekim bo\u015flu\u011funa do\u011fru e\u011filir. Alttan gelecek olan s\u00fcrekli di\u015f i\u00e7in gereken mesafe kaybedilir. Sonucunda pek \u00e7ok ortodontik bozukluk ya\u015fan\u0131r. S\u00fct di\u015finin erken \u00e7ekilmesi, bo\u015fluklar\u0131n yanlar\u0131nda bulunan di\u015flerin bo\u015fluk k\u0131sm\u0131na yapt\u0131\u011f\u0131 e\u011fim nedeniyle damak ya da yanak k\u0131sm\u0131na do\u011fru \u00e7apra\u015f\u0131kl\u0131klar olu\u015fturur. Devam\u0131nda da ortodontik bozukluklar ya\u015fan\u0131r. Amputasyon tedavisi bu noktada \u00f6nem kazan\u0131r.<\/p>\n<p>\u00c7ene geli\u015fiminde yetersizlik bulunan \u00e7ocuklarda koruyucu ba\u011flaml\u0131 ortodontik tedaviler 6-12 ya\u015f d\u00f6neminde i\u00e7erisinde yap\u0131lmaktad\u0131r. 12 ya\u015f\u0131n\u0131 ge\u00e7en her \u00e7ocukta ortodonti tedavisi medikal ve ekonomik a\u00e7\u0131dan uzun s\u00fcrer. Unutmamal\u0131s\u0131n\u0131z\u2026 Do\u011fal di\u015flerin konforunu hi\u00e7bir materyal ger\u00e7ek k\u0131lamaz. Daimi ya da s\u00fct di\u015flerinin \u00e7ekilmemesi veya \u00e7\u00fcr\u00fcklerin erken tan\u0131 ile tespit edilmesi \u00f6nemli bir ayr\u0131nt\u0131d\u0131r.<\/p>\n<\/div><\/section>\n","protected":false},"excerpt":{"rendered":"","protected":false},"author":1,"featured_media":0,"parent":0,"menu_order":0,"comment_status":"closed","ping_status":"closed","template":"","meta":{"footnotes":""},"class_list":["post-3344","page","type-page","status-publish","hentry"],"_links":{"self":[{"href":"https:\/\/bandirmacocukdisdoktoru.com.tr\/tr\/index.php?rest_route=\/wp\/v2\/pages\/3344","targetHints":{"allow":["GET"]}}],"collection":[{"href":"https:\/\/bandirmacocukdisdoktoru.com.tr\/tr\/index.php?rest_route=\/wp\/v2\/pages"}],"about":[{"href":"https:\/\/bandirmacocukdisdoktoru.com.tr\/tr\/index.php?rest_route=\/wp\/v2\/types\/page"}],"author":[{"embeddable":true,"href":"https:\/\/bandirmacocukdisdoktoru.com.tr\/tr\/index.php?rest_route=\/wp\/v2\/users\/1"}],"replies":[{"embeddable":true,"href":"https:\/\/bandirmacocukdisdoktoru.com.tr\/tr\/index.php?rest_route=%2Fwp%2Fv2%2Fcomments&post=3344"}],"version-history":[{"count":2,"href":"https:\/\/bandirmacocukdisdoktoru.com.tr\/tr\/index.php?rest_route=\/wp\/v2\/pages\/3344\/revisions"}],"predecessor-version":[{"id":3366,"href":"https:\/\/bandirmacocukdisdoktoru.com.tr\/tr\/index.php?rest_route=\/wp\/v2\/pages\/3344\/revisions\/3366"}],"wp:attachment":[{"href":"https:\/\/bandirmacocukdisdoktoru.com.tr\/tr\/index.php?rest_route=%2Fwp%2Fv2%2Fmedia&parent=3344"}],"curies":[{"name":"wp","href":"https:\/\/api.w.org\/{rel}","templated":true}]}}