{"id":3343,"date":"2023-04-16T04:12:46","date_gmt":"2023-04-16T01:12:46","guid":{"rendered":"https:\/\/bandirmacocukdisdoktoru.com.tr\/tr\/?page_id=3343"},"modified":"2023-04-16T04:23:06","modified_gmt":"2023-04-16T01:23:06","slug":"flor-uygulamasi","status":"publish","type":"page","link":"https:\/\/bandirmacocukdisdoktoru.com.tr\/tr\/?page_id=3343","title":{"rendered":"Flor Uygulamas\u0131"},"content":{"rendered":"<section class=\"av_textblock_section \"  itemscope=\"itemscope\" itemtype=\"https:\/\/schema.org\/CreativeWork\" ><div class='avia_textblock  '   itemprop=\"text\" ><blockquote>\n<p>Flor Uygulamas\u0131<\/p>\n<\/blockquote>\n<p>Do\u011fal bir mineral olan Florid, sudan veya yedi\u011fimiz pek \u00e7ok g\u0131dadan ald\u0131\u011f\u0131m\u0131z maddedir. Eski d\u00f6nemlerden sular\u0131ndaki florid oran\u0131 fazla b\u00f6lgelerde ya\u015fayanlar\u0131n daha az di\u015f \u00e7\u00fcr\u00fc\u011f\u00fcyle kar\u015f\u0131la\u015ft\u0131\u011f\u0131 bilinmektedir. Sebebi ise floridin di\u015fin minesini \u00e7\u00fcr\u00fc\u011fe kar\u015f\u0131 diren\u00e7li hale getirmesidir. \u00d6nceleri \u015fehir sular\u0131n\u0131n optimal dozda floridlenmesi d\u00fc\u015f\u00fcn\u00fclm\u00fc\u015f ve baz\u0131 yerlerde uygulanm\u0131\u015f, daha sonra ise yan etkiler g\u00f6r\u00fclmesi nedeniyle doz azalt\u0131lmas\u0131na gidilmi\u015ftir.<\/p>\n<p>Ara\u015ft\u0131rmalar beraberinde y\u00fczeyel flor uygulamalar\u0131n\u0131n daha \u00f6nemli oldu\u011fu konusu vurgulanm\u0131\u015ft\u0131r. Annenin hamileli\u011fi esnas\u0131nda ald\u0131\u011f\u0131 ya da 6. ay sonras\u0131nda \u00e7ocu\u011fa verilen flor tabletlerinin verdi\u011fi etkinin azl\u0131\u011f\u0131 saptanm\u0131\u015ft\u0131r. Mineyi olu\u015fturan kristal yap\u0131, y\u00fczeye uygulanan floridin etkisiyle aside diren\u00e7 kazanm\u0131\u015ft\u0131r. B\u00f6ylelikle zor p\u00fcr\u00fczlenmekte ve \u00e7\u00fcr\u00fc\u011f\u00fcn olu\u015fmas\u0131 zorla\u015fmaktad\u0131r.<\/p>\n<p>Y\u00fczeyel florid uygulamas\u0131na 3 ya\u015f\u0131ndan itibaren ba\u015flanabilir. Florid uygulamas\u0131, 6 ayda bir tekrarlanmas\u0131 gereken basit, a\u011fr\u0131s\u0131z bir i\u015flemdir. \u00c7ocu\u011fun di\u015f hekimi ile ilk tan\u0131\u015fmas\u0131 ve 6 ayl\u0131k periodlarla kontrole gelmesi a\u00e7\u0131s\u0131ndan idealdir. K\u0131sa s\u00fcren bu i\u015flem ard\u0131ndan \u00e7ocu\u011funuzun di\u015flerinin y\u00fczeyinde depolanan florid, di\u015fleri \u00e7ok daha sa\u011fl\u0131kl\u0131 k\u0131lacak, g\u00fc\u00e7 kazanmas\u0131n\u0131 sa\u011flayacakt\u0131r.<\/p>\n<\/div><\/section>\n","protected":false},"excerpt":{"rendered":"","protected":false},"author":1,"featured_media":0,"parent":0,"menu_order":0,"comment_status":"closed","ping_status":"closed","template":"","meta":{"footnotes":""},"class_list":["post-3343","page","type-page","status-publish","hentry"],"_links":{"self":[{"href":"https:\/\/bandirmacocukdisdoktoru.com.tr\/tr\/index.php?rest_route=\/wp\/v2\/pages\/3343","targetHints":{"allow":["GET"]}}],"collection":[{"href":"https:\/\/bandirmacocukdisdoktoru.com.tr\/tr\/index.php?rest_route=\/wp\/v2\/pages"}],"about":[{"href":"https:\/\/bandirmacocukdisdoktoru.com.tr\/tr\/index.php?rest_route=\/wp\/v2\/types\/page"}],"author":[{"embeddable":true,"href":"https:\/\/bandirmacocukdisdoktoru.com.tr\/tr\/index.php?rest_route=\/wp\/v2\/users\/1"}],"replies":[{"embeddable":true,"href":"https:\/\/bandirmacocukdisdoktoru.com.tr\/tr\/index.php?rest_route=%2Fwp%2Fv2%2Fcomments&post=3343"}],"version-history":[{"count":2,"href":"https:\/\/bandirmacocukdisdoktoru.com.tr\/tr\/index.php?rest_route=\/wp\/v2\/pages\/3343\/revisions"}],"predecessor-version":[{"id":3365,"href":"https:\/\/bandirmacocukdisdoktoru.com.tr\/tr\/index.php?rest_route=\/wp\/v2\/pages\/3343\/revisions\/3365"}],"wp:attachment":[{"href":"https:\/\/bandirmacocukdisdoktoru.com.tr\/tr\/index.php?rest_route=%2Fwp%2Fv2%2Fmedia&parent=3343"}],"curies":[{"name":"wp","href":"https:\/\/api.w.org\/{rel}","templated":true}]}}