{"id":3342,"date":"2023-04-16T04:12:29","date_gmt":"2023-04-16T01:12:29","guid":{"rendered":"https:\/\/bandirmacocukdisdoktoru.com.tr\/tr\/?page_id=3342"},"modified":"2023-04-16T04:21:51","modified_gmt":"2023-04-16T01:21:51","slug":"cocuklarda-ortodonti-tedavisi","status":"publish","type":"page","link":"https:\/\/bandirmacocukdisdoktoru.com.tr\/tr\/?page_id=3342","title":{"rendered":"\u00c7ocuklarda Ortodonti Tedavisi"},"content":{"rendered":"<section class=\"av_textblock_section \"  itemscope=\"itemscope\" itemtype=\"https:\/\/schema.org\/CreativeWork\" ><div class='avia_textblock  '   itemprop=\"text\" ><blockquote>\n<p>\u00c7ocuklarda Ortodonti Tedavisi<\/p>\n<\/blockquote>\n<p>\u00c7ocuklar\u0131n di\u015f yap\u0131s\u0131n\u0131n takibinin sa\u011flanmas\u0131 \u00f6nemli ayr\u0131nt\u0131lardand\u0131r. \u0130leride olu\u015fabilecek daimi di\u015flenmenin sa\u011fl\u0131\u011f\u0131 dolay\u0131s\u0131yla son derece dikkate de\u011ferdir. S\u00fct di\u015flerinin ge\u00e7ici olmas\u0131, \u00e7o\u011fu zaman ihmal edilmelerine ve erken \u00e7ekilmelerini sa\u011flar ve olumsuz sonu\u00e7lar\u0131n do\u011fmas\u0131na neden olur.<\/p>\n<p>\u00c7ocu\u011funuzun s\u00fct di\u015flerinin, do\u011fal de\u011fi\u015fim s\u00fcrelerinin tamamlanmas\u0131na kadar a\u011f\u0131zda kalmalar\u0131, \u00e7ene kemiklerinin geli\u015febilirli\u011fi a\u00e7\u0131s\u0131ndan ve d\u00fczg\u00fcn bir di\u015fsel kapan\u0131\u015fa temel olmas\u0131 dolay\u0131s\u0131yla \u00e7ok m\u00fchimdir.<\/p>\n<p>\u00c7ocuklarda ilk s\u00fct di\u015flerin s\u00fcrmeleriyle birlikte (3 ya\u015f), anne deste\u011fiyle di\u015fler f\u0131r\u00e7alamaya ba\u015flanarak s\u00fct di\u015flerinde koruyucu uygulamalar yap\u0131lmal\u0131d\u0131r. B\u00f6ylelikle de \u00e7\u00fcr\u00fckler \u00f6nlenebilir.<\/p>\n<p>\u00c7ocuklarda Ortodontik Muayene Ne Zaman Yap\u0131lmal\u0131d\u0131r?<br \/>\n\u0130lk daimi di\u015flenmenin ba\u015flad\u0131\u011f\u0131 6-7 ya\u015flar civar\u0131, ortodonti muayenesi i\u00e7in iyi bir s\u00fcre\u00e7tir. Erken ya\u015fta ger\u00e7ekle\u015ftirilen muayenede hem di\u015flerde olu\u015fabilecek kapan\u0131\u015f problemleri, hem de \u00e7enelerin iskeletsel bozukluklar\u0131n\u0131n tan\u0131s\u0131 sa\u011flanabilir. Ortodontik sorunlar, bademcik, geniz eti, a\u011f\u0131z solunumu ya da atipik (bebeklik) yutkunmas\u0131 sonucunda da meydana gelebilmektedir.<\/p>\n<p>\u00c7ocuk ortodontisindeki temel ama\u00e7, ortodontik soruna sebebiyet veren etkeni ortadan kald\u0131rmakt\u0131r. Basit \u00f6nlemlerle hi\u00e7 tel ya da damakl\u0131k takmadan da ortodontik bozukluklar durdurulabilir.<\/p>\n<p>\u00c7ocuklarda uygun \u00f6nlemler al\u0131n\u0131p, problemlere neden ortadan kald\u0131r\u0131l\u0131rsa, ortodontik ve ortopedik problemler, belli seviyede d\u00fczelme g\u00f6sterebilirler.<\/p>\n<\/div><\/section>\n","protected":false},"excerpt":{"rendered":"","protected":false},"author":1,"featured_media":0,"parent":0,"menu_order":0,"comment_status":"closed","ping_status":"closed","template":"","meta":{"footnotes":""},"class_list":["post-3342","page","type-page","status-publish","hentry"],"_links":{"self":[{"href":"https:\/\/bandirmacocukdisdoktoru.com.tr\/tr\/index.php?rest_route=\/wp\/v2\/pages\/3342","targetHints":{"allow":["GET"]}}],"collection":[{"href":"https:\/\/bandirmacocukdisdoktoru.com.tr\/tr\/index.php?rest_route=\/wp\/v2\/pages"}],"about":[{"href":"https:\/\/bandirmacocukdisdoktoru.com.tr\/tr\/index.php?rest_route=\/wp\/v2\/types\/page"}],"author":[{"embeddable":true,"href":"https:\/\/bandirmacocukdisdoktoru.com.tr\/tr\/index.php?rest_route=\/wp\/v2\/users\/1"}],"replies":[{"embeddable":true,"href":"https:\/\/bandirmacocukdisdoktoru.com.tr\/tr\/index.php?rest_route=%2Fwp%2Fv2%2Fcomments&post=3342"}],"version-history":[{"count":2,"href":"https:\/\/bandirmacocukdisdoktoru.com.tr\/tr\/index.php?rest_route=\/wp\/v2\/pages\/3342\/revisions"}],"predecessor-version":[{"id":3364,"href":"https:\/\/bandirmacocukdisdoktoru.com.tr\/tr\/index.php?rest_route=\/wp\/v2\/pages\/3342\/revisions\/3364"}],"wp:attachment":[{"href":"https:\/\/bandirmacocukdisdoktoru.com.tr\/tr\/index.php?rest_route=%2Fwp%2Fv2%2Fmedia&parent=3342"}],"curies":[{"name":"wp","href":"https:\/\/api.w.org\/{rel}","templated":true}]}}