{"id":330,"date":"2016-02-29T13:10:37","date_gmt":"2016-02-29T13:10:37","guid":{"rendered":"http:\/\/test.kriesi.at\/travel\/?page_id=2"},"modified":"2023-04-16T05:47:49","modified_gmt":"2023-04-16T02:47:49","slug":"welcome","status":"publish","type":"page","link":"https:\/\/bandirmacocukdisdoktoru.com.tr\/tr\/","title":{"rendered":"Welcome"},"content":{"rendered":"<div id='full_slider_1'  class='avia-fullwidth-slider main_color avia-shadow   avia-builder-el-0  el_before_av_layout_row  avia-builder-el-first   container_wrap sidebar_right' style=' '  ><div   data-size='featured_large'  data-lightbox_size='large'  data-animation='fade'  data-conditional_play=''  data-ids='3160'  data-video_counter='0'  data-autoplay='false'  data-bg_slider='false'  data-slide_height=''  data-handle='av_slideshow_full'  data-interval='6'  data-class=' '  data-el_id=''  data-css_id=''  data-scroll_down=''  data-control_layout='av-control-minimal'  data-custom_markup=''  data-perma_caption=''  data-autoplay_stopper=''  data-image_attachment=''  data-min_height='0px'  data-lazy_loading='disabled'  data-src=''  data-position='top left'  data-repeat='no-repeat'  data-attach='scroll'  data-stretch=''  data-default-height='42'  class='avia-slideshow avia-slideshow-1  av-control-minimal av-default-height-applied avia-slideshow-featured_large av_slideshow_full   avia-fade-slider '  itemprop=\"image\" itemscope=\"itemscope\" itemtype=\"https:\/\/schema.org\/ImageObject\" ><ul class='avia-slideshow-inner ' style='padding-bottom: 42%;' ><li  class=' av-single-slide slide-1 ' ><div data-rel='slideshow-1' class='avia-slide-wrap '   ><div class = \"caption_fullwidth av-slideshow-caption caption_left\"><div class = \"container caption_container\"><div class = \"slideshow_caption\"><div class = \"slideshow_inner_caption\"><div class = \"slideshow_align_caption\"><h2  style='font-size:44px; color:#444444; ' class='avia-caption-title  '  itemprop=\"name\" >Her zaman iyi hissetmek i\u00e7in bizimle tan\u0131\u015f\u0131n.<\/h2><div class='avia-caption-content  av_inherit_color'  itemprop=\"description\"   style='font-size:20px; color:#ffffff; '><p>Di\u015f Hekimi Nilay Erdan, davran\u0131\u015f ve y\u00f6nlendirme konusunda e\u011fitimli hangi ya\u015f grubuna nas\u0131l yakla\u015f\u0131lmas\u0131 gerekti\u011fini \u00e7ok iyi bilir. \u00c7ocu\u011funuzun di\u015f hekimi korkusunu yenmesini sa\u011flar. Band\u0131rma&#8217;da \u00e7ocuk di\u015f doktoru konusunda do\u011fru yerdesiniz.<\/p>\n<\/div><a href='https:\/\/bandirmacocukdisdoktoru.com.tr\/tr\/?page_id=950'  class='avia-slideshow-button avia-button avia-color-light avia-multi-slideshow-button' data-duration='800' data-easing='easeInOutQuad'>Devam\u0131<\/a><a href='https:\/\/bandirmacocukdisdoktoru.com.tr\/tr\/?page_id=950'  class='avia-slideshow-button avia-button avia-color-theme-color-subtle avia-multi-slideshow-button avia-slideshow-button-2' data-duration='800' data-easing='easeInOutQuad'>Randevu Al<\/a><\/div><\/div><\/div><\/div><\/div><img decoding=\"async\" class=\"wp-image-3160 avia-img-lazy-loading-not-3160\"  src=\"https:\/\/bandirmacocukdisdoktoru.com.tr\/tr\/wp-content\/uploads\/2023\/03\/drnilayerdanheader.jpg\" width=\"1500\" height=\"630\" title='drnilayerdanheader' alt=''  itemprop=\"thumbnailUrl\" srcset=\"https:\/\/bandirmacocukdisdoktoru.com.tr\/tr\/wp-content\/uploads\/2023\/03\/drnilayerdanheader.jpg 1500w, https:\/\/bandirmacocukdisdoktoru.com.tr\/tr\/wp-content\/uploads\/2023\/03\/drnilayerdanheader-300x126.jpg 300w, https:\/\/bandirmacocukdisdoktoru.com.tr\/tr\/wp-content\/uploads\/2023\/03\/drnilayerdanheader-1030x433.jpg 1030w, https:\/\/bandirmacocukdisdoktoru.com.tr\/tr\/wp-content\/uploads\/2023\/03\/drnilayerdanheader-768x323.jpg 768w, https:\/\/bandirmacocukdisdoktoru.com.tr\/tr\/wp-content\/uploads\/2023\/03\/drnilayerdanheader-705x296.jpg 705w, https:\/\/bandirmacocukdisdoktoru.com.tr\/tr\/wp-content\/uploads\/2023\/03\/drnilayerdanheader-1080x454.jpg 1080w\" sizes=\"(max-width: 1500px) 100vw, 1500px\" \/><\/div><\/li><\/ul><\/div><\/div>\n<div id='av-layout-grid-1'  class='av-layout-grid-container entry-content-wrapper main_color av-fixed-cells     avia-builder-el-1  el_after_av_slideshow_full  el_before_av_section  submenu-not-first container_wrap sidebar_right' style=' '  >\n<div class=\"flex_cell no_margin av_one_half  avia-builder-el-2  el_before_av_cell_one_half  avia-builder-el-first   \"  style='vertical-align:top; padding:9px 0px 0px 0px ; background-color:#2388c2; ' ><div class='flex_cell_inner' ><\/div><\/div><div class=\"flex_cell no_margin av_one_half  avia-builder-el-3  el_after_av_cell_one_half  avia-builder-el-last   \"  style='vertical-align:top; padding:9px 0px 0px 0px ; background-color:#5fb4e4; ' ><div class='flex_cell_inner' ><\/div><\/div>\n<\/div>\n<div id='av_section_1'  class='avia-section main_color avia-section-huge avia-no-border-styling  avia-bg-style-scroll  avia-builder-el-4  el_after_av_layout_row  el_before_av_section   container_wrap sidebar_right' style=' '  ><div class='container' ><div class='template-page content  av-content-small alpha units'><div class='post-entry post-entry-type-page post-entry-330'><div class='entry-content-wrapper clearfix'>\n<div class='flex_column_table av-equal-height-column-flextable -flextable' style='margin-top:-200px; margin-bottom:0px; '><div class=\"flex_column av_one_third  no_margin flex_column_table_cell av-equal-height-column av-align-top first  avia-builder-el-5  el_before_av_one_third  avia-builder-el-first  \" style='padding:40px; background-color:#2388c2; border-radius:0px; '><p><span  class=\"av_font_icon avia_animate_when_visible avia-icon-animate  av-icon-style-  avia-icon-pos-center \" style=\"color:#ffffff; border-color:#ffffff;\"><span class='av-icon-char' style='font-size:60px;line-height:60px;' aria-hidden='true' data-av_icon='' data-av_iconfont='medical' ><\/span><\/span><br \/>\n<div  style='height:20px' class='hr hr-invisible   avia-builder-el-7  el_after_av_font_icon  el_before_av_textblock '><span class='hr-inner ' ><span class='hr-inner-style'><\/span><\/span><\/div><br \/>\n<section class=\"av_textblock_section \"  itemscope=\"itemscope\" itemtype=\"https:\/\/schema.org\/CreativeWork\" ><div class='avia_textblock  av_inherit_color '  style='color:#ffffff; '  itemprop=\"text\" ><h4 style=\"text-align: center;\">Lingual Ortodonti Tedavi<\/h4>\n<p style=\"text-align: center;\">Lingual ortodonti, ortodonti tedavi y\u00f6ntemleri aras\u0131nda g\u00fcn\u00fcm\u00fczde en \u00e7ok tercih edilen tedavi tekniklerindendir.<\/p>\n<\/div><\/section><br \/>\n<div  style='height:8px' class='hr hr-invisible   avia-builder-el-9  el_after_av_textblock  el_before_av_button '><span class='hr-inner ' ><span class='hr-inner-style'><\/span><\/span><\/div><br \/>\n<div  class='avia-button-wrap avia-button-center  avia-builder-el-10  el_after_av_hr  avia-builder-el-last ' ><a href='https:\/\/bandirmacocukdisdoktoru.com.tr\/tr\/?page_id=954'  class='avia-button  avia-color-light   avia-icon_select-no avia-size-medium avia-position-center '   ><span class='avia_iconbox_title' >Devam\u0131<\/span><\/a><\/div><\/p><\/div><div class=\"flex_column av_one_third  no_margin flex_column_table_cell av-equal-height-column av-align-top   avia-builder-el-11  el_after_av_one_third  el_before_av_one_third  \" style='padding:40px; background-color:#379cd6; border-radius:0px; '><p><span  class=\"av_font_icon avia_animate_when_visible avia-icon-animate  av-icon-style-  avia-icon-pos-center \" style=\"color:#ffffff; border-color:#ffffff;\"><span class='av-icon-char' style='font-size:60px;line-height:60px;' aria-hidden='true' data-av_icon='' data-av_iconfont='medical' ><\/span><\/span><br \/>\n<div  style='height:20px' class='hr hr-invisible   avia-builder-el-13  el_after_av_font_icon  el_before_av_textblock '><span class='hr-inner ' ><span class='hr-inner-style'><\/span><\/span><\/div><br \/>\n<section class=\"av_textblock_section \"  itemscope=\"itemscope\" itemtype=\"https:\/\/schema.org\/CreativeWork\" ><div class='avia_textblock  av_inherit_color '  style='color:#ffffff; '  itemprop=\"text\" ><h4 style=\"text-align: center;\">G\u00f6r\u00fcnmez Di\u015f Tedavisi<\/h4>\n<p style=\"text-align: center;\">Sosyalli\u011finize e\u015f de\u011fer oranda g\u00f6r\u00fcn\u00fcm\u00fcn\u00fcze dikkat ediyor ve klasik ortodonti tedavisi tekniklerinin aksine estetik a\u00e7\u0131dan g\u00fcl\u00fc\u015flerinize \u00f6zg\u00fcrl\u00fck katmak istiyorsunuz.<\/p>\n<\/div><\/section><br \/>\n<div  style='height:8px' class='hr hr-invisible   avia-builder-el-15  el_after_av_textblock  el_before_av_button '><span class='hr-inner ' ><span class='hr-inner-style'><\/span><\/span><\/div><br \/>\n<div  class='avia-button-wrap avia-button-center  avia-builder-el-16  el_after_av_hr  avia-builder-el-last ' ><a href='https:\/\/bandirmacocukdisdoktoru.com.tr\/tr\/?page_id=954'  class='avia-button  avia-color-light   avia-icon_select-no avia-size-medium avia-position-center '   ><span class='avia_iconbox_title' >Devam\u0131<\/span><\/a><\/div><\/p><\/div><div class=\"flex_column av_one_third  no_margin flex_column_table_cell av-equal-height-column av-align-top   avia-builder-el-17  el_after_av_one_third  el_before_av_hr  \" style='padding:40px; background-color:#5fb4e4; border-radius:0px; '><p><span  class=\"av_font_icon avia_animate_when_visible avia-icon-animate  av-icon-style-  avia-icon-pos-center \" style=\"color:#ffffff; border-color:#ffffff;\"><span class='av-icon-char' style='font-size:60px;line-height:60px;' aria-hidden='true' data-av_icon='' data-av_iconfont='medical' ><\/span><\/span><br \/>\n<div  style='height:20px' class='hr hr-invisible   avia-builder-el-19  el_after_av_font_icon  el_before_av_textblock '><span class='hr-inner ' ><span class='hr-inner-style'><\/span><\/span><\/div><br \/>\n<section class=\"av_textblock_section \"  itemscope=\"itemscope\" itemtype=\"https:\/\/schema.org\/CreativeWork\" ><div class='avia_textblock  av_inherit_color '  style='color:#ffffff; '  itemprop=\"text\" ><h4 style=\"text-align: center;\">Lingual Ortodonti Tedavi Fiyatlar\u0131<\/h4>\n<p style=\"text-align: center;\">SGK, 18 ya\u015f\u0131n\u0131 tamamlamam\u0131\u015f hastalar\u0131n tedavi \u00fccretleri \u00f6demelerini kar\u015f\u0131l\u0131yor.<\/p>\n<\/div><\/section><br \/>\n<div  style='height:8px' class='hr hr-invisible   avia-builder-el-21  el_after_av_textblock  el_before_av_button '><span class='hr-inner ' ><span class='hr-inner-style'><\/span><\/span><\/div><br \/>\n<div  class='avia-button-wrap avia-button-center  avia-builder-el-22  el_after_av_hr  avia-builder-el-last ' ><a href='https:\/\/bandirmacocukdisdoktoru.com.tr\/tr\/?page_id=954'  class='avia-button  avia-color-light   avia-icon_select-no avia-size-medium avia-position-center '   ><span class='avia_iconbox_title' >Devam\u0131<\/span><\/a><\/div><\/p><\/div><\/div><!--close column table wrapper. Autoclose: 1 --><div  style='height:100px' class='hr hr-invisible   avia-builder-el-23  el_after_av_one_third  el_before_av_one_half '><span class='hr-inner ' ><span class='hr-inner-style'><\/span><\/span><\/div>\n<div class=\"flex_column av_one_half  flex_column_div first  avia-builder-el-24  el_after_av_hr  el_before_av_one_half  \" ><article  class=\"iconbox iconbox_left_content    avia-builder-el-25  avia-builder-el-no-sibling  \"  itemscope=\"itemscope\" itemtype=\"https:\/\/schema.org\/CreativeWork\" ><div class=\"iconbox_icon heading-color\" aria-hidden='true' data-av_icon='\ue807' data-av_iconfont='entypo-fontello'  ><\/div><div class=\"iconbox_content\"><header class=\"entry-content-header\"><h3 class='iconbox_content_title  '  itemprop=\"headline\"  >Kolay Randevu Al<\/h3><\/header><div class='iconbox_content_container  '  itemprop=\"text\"  ><p>\u00c7ocu\u011funuzun g\u00fcl\u00fcmsemesini ve a\u011f\u0131z sa\u011fl\u0131\u011f\u0131n\u0131 de\u011fi\u015ftirmek i\u00e7in g\u00fcvenebilece\u011finiz, Band\u0131rma&#8217;da size yak\u0131n bir uzman bebek veya \u00e7ocuk di\u015f hekimi ar\u0131yorsan\u0131z, Dr. Nilay Erdan size yard\u0131mc\u0131 olabilir.<\/p>\n<\/div><\/div><footer class=\"entry-footer\"><\/footer><\/article><\/div><div class=\"flex_column av_one_half  flex_column_div av-zero-column-padding   avia-builder-el-26  el_after_av_one_half  el_before_av_one_half  \" style='border-radius:0px; '><article  class=\"iconbox iconbox_left_content    avia-builder-el-27  avia-builder-el-no-sibling  \"  itemscope=\"itemscope\" itemtype=\"https:\/\/schema.org\/CreativeWork\" ><div class=\"iconbox_icon heading-color\" aria-hidden='true' data-av_icon='\ue807' data-av_iconfont='entypo-fontello'  ><\/div><div class=\"iconbox_content\"><header class=\"entry-content-header\"><h3 class='iconbox_content_title  '  itemprop=\"headline\"  >Uzmanl\u0131k Alan\u0131m\u0131z<\/h3><\/header><div class='iconbox_content_container  '  itemprop=\"text\"  ><p>\u00c7ocuklar i\u00e7in di\u015f hekimli\u011fi bizim uzmanl\u0131k alan\u0131m\u0131zd\u0131r.<\/p>\n<\/div><\/div><footer class=\"entry-footer\"><\/footer><\/article><\/div><div class=\"flex_column av_one_half  flex_column_div av-zero-column-padding first  avia-builder-el-28  el_after_av_one_half  el_before_av_one_half  column-top-margin\" style='border-radius:0px; '><article  class=\"iconbox iconbox_left_content    avia-builder-el-29  avia-builder-el-no-sibling  \"  itemscope=\"itemscope\" itemtype=\"https:\/\/schema.org\/CreativeWork\" ><div class=\"iconbox_icon heading-color\" aria-hidden='true' data-av_icon='\ue807' data-av_iconfont='entypo-fontello'  ><\/div><div class=\"iconbox_content\"><header class=\"entry-content-header\"><h3 class='iconbox_content_title  '  itemprop=\"headline\"  >Misyonumuz<\/h3><\/header><div class='iconbox_content_container  '  itemprop=\"text\"  ><p>\u00c7ocuk dostu, e\u011flenceli ve rahat atmosferde modern, son teknoloji tedavilerle birlikte en y\u00fcksek pediatrik di\u015f hekimli\u011fi standard\u0131n\u0131 sa\u011flamaya tutkuyla ve kendimizi adad\u0131k.<\/p>\n<\/div><\/div><footer class=\"entry-footer\"><\/footer><\/article><\/div><div class=\"flex_column av_one_half  flex_column_div av-zero-column-padding   avia-builder-el-30  el_after_av_one_half  el_before_av_hr  column-top-margin\" style='border-radius:0px; '><article  class=\"iconbox iconbox_left_content    avia-builder-el-31  avia-builder-el-no-sibling  \"  itemscope=\"itemscope\" itemtype=\"https:\/\/schema.org\/CreativeWork\" ><div class=\"iconbox_icon heading-color\" aria-hidden='true' data-av_icon='\ue807' data-av_iconfont='entypo-fontello'  ><\/div><div class=\"iconbox_content\"><header class=\"entry-content-header\"><h3 class='iconbox_content_title  '  itemprop=\"headline\"  >Memnuniyet \u00d6nceli\u011fimizdir<\/h3><\/header><div class='iconbox_content_container  '  itemprop=\"text\"  ><p>\u00c7ocuk ve ebeveyn memnuniyeti bizim i\u00e7in \u00e7ok \u00f6nemli.<\/p>\n<\/div><\/div><footer class=\"entry-footer\"><\/footer><\/article><\/div><div  style=' margin-top:70px; margin-bottom:70px;'  class='hr hr-custom hr-center hr-icon-no   avia-builder-el-32  el_after_av_one_half  el_before_av_one_half '><span class='hr-inner  inner-border-av-border-fat' style=' width:50px; border-color:#40a8e4;' ><span class='hr-inner-style'><\/span><\/span><\/div>\n<div class=\"flex_column av_one_half  av-animated-generic bottom-to-top  flex_column_div av-zero-column-padding first  avia-builder-el-33  el_after_av_hr  el_before_av_one_half  \" style='border-radius:0px; '><p><div  style='padding-bottom:20px; font-size:34px;' class='av-special-heading av-special-heading-h3  blockquote modern-quote  avia-builder-el-34  el_before_av_textblock  avia-builder-el-first  av-inherit-size '><div class ='av-subheading av-subheading_above  ' style='font-size:15px;'><p>Dr. Nilay Erdan<\/p>\n<\/div><h3 class='av-special-heading-tag '  itemprop=\"headline\"  >Pedodontist Nedir ?<\/h3><div class='special-heading-border'><div class='special-heading-inner-border' ><\/div><\/div><\/div><br \/>\n<section class=\"av_textblock_section \"  itemscope=\"itemscope\" itemtype=\"https:\/\/schema.org\/CreativeWork\" ><div class='avia_textblock  '   itemprop=\"text\" ><p>Yayg\u0131n olarak pediatrik di\u015f hekimi olarak adland\u0131r\u0131lan bir pedodontist, \u00e7ocuklar\u0131n di\u015f bak\u0131m\u0131nda uzmanla\u015fm\u0131\u015f bir di\u015f hekimidir. Genel di\u015f hekimli\u011fi derecelerinin \u00f6tesinde ek e\u011fitim ve deneyim tamamlamalar\u0131 gerekir.\u00a0Daha sonra uygulamalar\u0131n\u0131 sadece \u00e7ocuklar\u0131 tedavi etmekle s\u0131n\u0131rlayacakt\u0131rlar. Bir pedodontist tipik olarak alt\u0131 ayl\u0131ktan 13 ya\u015f\u0131na kadar olan \u00e7ocuklar\u0131 g\u00f6r\u00fcr ve \u00e7ocu\u011fun erken ya\u015flardan itibaren iyi bir a\u011f\u0131z sa\u011fl\u0131\u011f\u0131 olu\u015fturmas\u0131na yard\u0131mc\u0131 olmak i\u00e7in \u00e7ocuk dostu teknikler kullan\u0131r.<\/p>\n<p>Bir pedodontist ayr\u0131ca \u00e7ocu\u011fun ebeveyniyle birlikte \u00e7al\u0131\u015farak \u00e7ocu\u011funun uygun bir a\u011f\u0131z hijyeni rutini ger\u00e7ekle\u015ftirmesini nas\u0131l sa\u011flayacaklar\u0131n\u0131 e\u011fitecek ve ayr\u0131ca gelecek i\u00e7in tedavi planlar\u0131n\u0131 olu\u015fturacakt\u0131r.<\/p>\n<\/div><\/section><\/p><\/div><div class=\"flex_column av_one_half  av-animated-generic bottom-to-top  flex_column_div av-zero-column-padding   avia-builder-el-36  el_after_av_one_half  avia-builder-el-last  \" style='border-radius:0px; '><p><div  style='padding-bottom:20px; font-size:34px;' class='av-special-heading av-special-heading-h3  blockquote modern-quote  avia-builder-el-37  el_before_av_textblock  avia-builder-el-first  av-inherit-size '><div class ='av-subheading av-subheading_above  ' style='font-size:15px;'><p>Dr. Nilay Erdan<\/p>\n<\/div><h3 class='av-special-heading-tag '  itemprop=\"headline\"  >k\u0131sa k\u0131sa..<\/h3><div class='special-heading-border'><div class='special-heading-inner-border' ><\/div><\/div><\/div><br \/>\n<section class=\"av_textblock_section \"  itemscope=\"itemscope\" itemtype=\"https:\/\/schema.org\/CreativeWork\" ><div class='avia_textblock  '   itemprop=\"text\" ><p><span>Pedodontist, \u00e7ocuklar\u0131n tedavisine adanm\u0131\u015f di\u015f hekimli\u011fi uzmanl\u0131\u011f\u0131n\u0131 tan\u0131mlamak i\u00e7in kullan\u0131lan bir kelimedir. <\/span><span>&#8220;Pedia-&#8221; veya &#8220;pedo&#8221;, \u00e7ocuk veya \u00e7ocuklar anlam\u0131na gelir ve &#8220;-dontist&#8221;, di\u015fleri inceleyen ki\u015fiyi ifade eder. <\/span><span>Pediatrik di\u015f hekimli\u011fi, \u00f6zel sa\u011fl\u0131k bak\u0131m\u0131na ihtiyac\u0131 olanlar da dahil olmak \u00fczere, ergenlik d\u00f6nemine kadar bebekler ve \u00e7ocuklar i\u00e7in hem birincil hem de kapsaml\u0131 koruyucu ve terap\u00f6tik a\u011f\u0131z sa\u011fl\u0131\u011f\u0131 bak\u0131m\u0131 sa\u011flayan ya\u015fla tan\u0131mlanm\u0131\u015f bir uzmanl\u0131k alan\u0131d\u0131r.<\/span><\/p>\n<\/div><\/section><\/p><\/div><\/div><\/div><\/div><!-- close content main div --><\/div><\/div><div id='av_section_2'  class='avia-section main_color avia-section-huge avia-no-border-styling  avia-bg-style-scroll  avia-builder-el-39  el_after_av_section  avia-builder-el-last   container_wrap sidebar_right' style=' '  ><div class='container' ><div class='template-page content  av-content-small alpha units'><div class='post-entry post-entry-type-page post-entry-330'><div class='entry-content-wrapper clearfix'>\n<div class='flex_column_table av-equal-height-column-flextable -flextable' style='margin-top:-200px; margin-bottom:0px; '><div class=\"flex_column av_one_full  no_margin flex_column_table_cell av-equal-height-column av-align-top first  avia-builder-el-40  avia-builder-el-no-sibling  \" style='background: #5fb4e4; padding:40px; background-color:#5fb4e4; border-radius:0px; '><p><span  class=\"av_font_icon avia_animate_when_visible avia-icon-animate  av-icon-style-  avia-icon-pos-center \" style=\"color:#ffffff; border-color:#ffffff;\"><span class='av-icon-char' style='font-size:60px;line-height:60px;' aria-hidden='true' data-av_icon='' data-av_iconfont='medical' ><\/span><\/span><br \/>\n<div  style='height:20px' class='hr hr-invisible   avia-builder-el-42  el_after_av_font_icon  el_before_av_textblock '><span class='hr-inner ' ><span class='hr-inner-style'><\/span><\/span><\/div><br \/>\n<section class=\"av_textblock_section \"  itemscope=\"itemscope\" itemtype=\"https:\/\/schema.org\/CreativeWork\" ><div class='avia_textblock  av_inherit_color '  style='color:#ffffff; '  itemprop=\"text\" ><h4 style=\"text-align: center;\">Randevu<\/h4>\n<p style=\"text-align: center;\">Telefon: 0 266 712 06 71<\/p>\n<p style=\"text-align: center;\">Fax: 0 266 714 63 30<\/p>\n<p style=\"text-align: center;\">GSM: 0 532 698 47 87<\/p>\n<p style=\"text-align: center;\">WhatsApp: 0 530 052 94 44<\/p>\n<\/div><\/section><br \/>\n<div  style='height:8px' class='hr hr-invisible   avia-builder-el-44  el_after_av_textblock  el_before_av_button '><span class='hr-inner ' ><span class='hr-inner-style'><\/span><\/span><\/div><br \/>\n<div  class='avia-button-wrap avia-button-center  avia-builder-el-45  el_after_av_hr  avia-builder-el-last ' ><a href='https:\/\/bandirmacocukdisdoktoru.com.tr\/tr\/?page_id=954'  class='avia-button  avia-color-light   avia-icon_select-no avia-size-medium avia-position-center '   ><span class='avia_iconbox_title' >\u0130leti\u015fim<\/span><\/a><\/div><\/p><\/div><\/div><!--close column table wrapper. Autoclose: 1 -->\n<\/div><\/div><\/div><!-- close content main div --><\/div><\/div><div id='after_section_2'  class='main_color av_default_container_wrap container_wrap sidebar_right' style=' '  ><div class='container' ><div class='template-page content  av-content-small alpha units'><div class='post-entry post-entry-type-page post-entry-330'><div class='entry-content-wrapper clearfix'><\/p>\n","protected":false},"excerpt":{"rendered":"","protected":false},"author":1,"featured_media":0,"parent":0,"menu_order":0,"comment_status":"closed","ping_status":"open","template":"","meta":{"footnotes":""},"class_list":["post-330","page","type-page","status-publish","hentry"],"_links":{"self":[{"href":"https:\/\/bandirmacocukdisdoktoru.com.tr\/tr\/index.php?rest_route=\/wp\/v2\/pages\/330","targetHints":{"allow":["GET"]}}],"collection":[{"href":"https:\/\/bandirmacocukdisdoktoru.com.tr\/tr\/index.php?rest_route=\/wp\/v2\/pages"}],"about":[{"href":"https:\/\/bandirmacocukdisdoktoru.com.tr\/tr\/index.php?rest_route=\/wp\/v2\/types\/page"}],"author":[{"embeddable":true,"href":"https:\/\/bandirmacocukdisdoktoru.com.tr\/tr\/index.php?rest_route=\/wp\/v2\/users\/1"}],"replies":[{"embeddable":true,"href":"https:\/\/bandirmacocukdisdoktoru.com.tr\/tr\/index.php?rest_route=%2Fwp%2Fv2%2Fcomments&post=330"}],"version-history":[{"count":43,"href":"https:\/\/bandirmacocukdisdoktoru.com.tr\/tr\/index.php?rest_route=\/wp\/v2\/pages\/330\/revisions"}],"predecessor-version":[{"id":3394,"href":"https:\/\/bandirmacocukdisdoktoru.com.tr\/tr\/index.php?rest_route=\/wp\/v2\/pages\/330\/revisions\/3394"}],"wp:attachment":[{"href":"https:\/\/bandirmacocukdisdoktoru.com.tr\/tr\/index.php?rest_route=%2Fwp%2Fv2%2Fmedia&parent=330"}],"curies":[{"name":"wp","href":"https:\/\/api.w.org\/{rel}","templated":true}]}}