{"id":2,"date":"2023-03-02T22:12:26","date_gmt":"2023-03-02T19:12:26","guid":{"rendered":"https:\/\/bandirmacocukdisdoktoru.com.tr\/tr\/?page_id=2"},"modified":"2023-04-16T03:43:54","modified_gmt":"2023-04-16T00:43:54","slug":"ornek-sayfa","status":"publish","type":"page","link":"https:\/\/bandirmacocukdisdoktoru.com.tr\/tr\/?page_id=2","title":{"rendered":"\u0130lk Di\u015f Muayenesi"},"content":{"rendered":"<section class=\"av_textblock_section \"  itemscope=\"itemscope\" itemtype=\"https:\/\/schema.org\/CreativeWork\" ><div class='avia_textblock  '   itemprop=\"text\" ><blockquote>\n<p>\u00c7ocu\u011fun \u0130lk Ziyareti<\/p>\n<\/blockquote>\n<p>\u00c7ocu\u011funuzun ilk do\u011fum g\u00fcn\u00fc d\u00f6nemlerinde ilk di\u015f hekimi ziyareti ger\u00e7ekle\u015ftirmesi sa\u011fl\u0131kl\u0131 bir karard\u0131r. Ziyaretin amac\u0131; doktoru, personeli iyice tan\u0131mak ve \u00e7ocu\u011funuzun orada kendisini rahat hissetmesini sa\u011flamakt\u0131r. \u0130lk ziyaret \u00e7ocu\u011fun g\u00f6z\u00fcnde g\u00fcven olu\u015ftururak s\u0131cak ve rahat ortamda huzurlu olmas\u0131na destek olur. Bu sayede sonraki ziyaretler de kolayla\u015f\u0131r. Hekimin de izni do\u011frultusunda, ilk ziyaret esnas\u0131nda g\u00f6r\u00fc\u015fme odas\u0131ndayken \u00e7ocu\u011fun annesinin ya da babas\u0131n\u0131n kuca\u011f\u0131nda oturmas\u0131 sa\u011flanmal\u0131d\u0131r.<\/p>\n<p>\u00c7ocuklar herhangi bir korku ya da endi\u015fe ya\u015famamas\u0131 ad\u0131na konu\u015fmaya ve rahatlatmaya te\u015fvik edilmelidir. Band\u0131rma \u00c7ocuk Di\u015f Doktoru ekibi, ilk di\u015f muayenesinde \u00e7ocu\u011funuza ve size sevgi ile e\u015flik edecektir. \u00c7ocu\u011funuz i\u00e7in haz\u0131rlad\u0131\u011f\u0131m\u0131z oyun odam\u0131zda beraberce e\u011flenceli vakit ge\u00e7irebilirsiniz.<\/p>\n<p>Band\u0131rma \u00c7ocuk Di\u015f Doktoru Nilay Erdan sizi ve kuzucu\u011funuzu heyecanla bekliyor olacak.<\/p>\n<\/div><\/section>\n","protected":false},"excerpt":{"rendered":"","protected":false},"author":1,"featured_media":0,"parent":0,"menu_order":0,"comment_status":"closed","ping_status":"open","template":"","meta":{"footnotes":""},"class_list":["post-2","page","type-page","status-publish","hentry"],"_links":{"self":[{"href":"https:\/\/bandirmacocukdisdoktoru.com.tr\/tr\/index.php?rest_route=\/wp\/v2\/pages\/2","targetHints":{"allow":["GET"]}}],"collection":[{"href":"https:\/\/bandirmacocukdisdoktoru.com.tr\/tr\/index.php?rest_route=\/wp\/v2\/pages"}],"about":[{"href":"https:\/\/bandirmacocukdisdoktoru.com.tr\/tr\/index.php?rest_route=\/wp\/v2\/types\/page"}],"author":[{"embeddable":true,"href":"https:\/\/bandirmacocukdisdoktoru.com.tr\/tr\/index.php?rest_route=\/wp\/v2\/users\/1"}],"replies":[{"embeddable":true,"href":"https:\/\/bandirmacocukdisdoktoru.com.tr\/tr\/index.php?rest_route=%2Fwp%2Fv2%2Fcomments&post=2"}],"version-history":[{"count":2,"href":"https:\/\/bandirmacocukdisdoktoru.com.tr\/tr\/index.php?rest_route=\/wp\/v2\/pages\/2\/revisions"}],"predecessor-version":[{"id":3340,"href":"https:\/\/bandirmacocukdisdoktoru.com.tr\/tr\/index.php?rest_route=\/wp\/v2\/pages\/2\/revisions\/3340"}],"wp:attachment":[{"href":"https:\/\/bandirmacocukdisdoktoru.com.tr\/tr\/index.php?rest_route=%2Fwp%2Fv2%2Fmedia&parent=2"}],"curies":[{"name":"wp","href":"https:\/\/api.w.org\/{rel}","templated":true}]}}